{"id":3072,"date":"2023-09-07T13:28:29","date_gmt":"2023-09-07T11:28:29","guid":{"rendered":"https:\/\/hrubieszow.bernardyni.pl\/index.php\/chrzest-swiety\/"},"modified":"2025-03-27T17:16:10","modified_gmt":"2025-03-27T16:16:10","slug":"chrzest-swiety","status":"publish","type":"page","link":"https:\/\/hrubieszow.bernardyni.pl\/index.php\/chrzest-swiety\/","title":{"rendered":"Chrzest \u015awiety"},"content":{"rendered":"\n    \n    <section class=\"u-clearfix u-grey-10 u-section-2\" id=\"sec-a95d\">\n      <div class=\"u-clearfix u-sheet u-valign-middle u-sheet-1\">\n        <div class=\"fr-view u-align-center u-clearfix u-rich-text u-text u-text-1\">\n          <h5 id=\"isPasted\">DUSZPASTERSTWO SAKRAMENTALNE<\/h5>\n          <h5>&nbsp; &nbsp;Sakramenty \u015bwi\u0119te to znaki i narz\u0119dzia, za po\u015brednictwem kt\u00f3rych Duch \u015awi\u0119ty rozlewa \u0142ask\u0119 Chrystusa-G\u0142owy, w Ko\u015bciele, kt\u00f3ry jest Jego Cia\u0142em. Sakramenty Nowego Prawa zosta\u0142y ustanowione przez Chrystusa. Jest ich siedem: chrzest, bierzmowanie, Eucharystia, pokuta, namaszczenie chorych, sakrament \u015bwi\u0119ce\u0144 i ma\u0142\u017ce\u0144stwo. Sakramenty te obejmuj\u0105 wszystkie wa\u017cne momenty \u017cycia chrze\u015bcijanina: sprawiaj\u0105 narodzenie i rozw\u00f3j chrze\u015bcija\u0144skiego \u017cycia wiary, uzdrowienie i dar pos\u0142ania. Wida\u0107 w tym pewne podobie\u0144stwo, jakie istnieje mi\u0119dzy etapami \u017cycia naturalnego a etapami \u017cycia duchowego. Katechizm Ko\u015bcio\u0142a Katolickiego, nr 1210<\/h5>\n          <h5>\n            <br>\n          <\/h5>\n          <h5>SAKRAMENT CHRZTU \u015aWI\u0118TEGO<\/h5>\n          <h5>&nbsp; Chrzest \u015bwi\u0119ty jest fundamentem ca\u0142ego \u017cycia chrze\u015bcija\u0144skiego, bram\u0105 \u017cycia w Duchu i bram\u0105 otwieraj\u0105ca dost\u0119p do innych sakrament\u00f3w. Przez chrzest zostajemy wyzwoleni od grzechu i odrodzenia jako synowie Bo\u017cy, stajemy si\u0119 cz\u0142onkami Chrystusa oraz zostajemy wszczepieni w Ko\u015bci\u00f3\u0142 i stajemy si\u0119 uczestnikami jego pos\u0142ania: ,,Chrzest jest sakramentem odrodzenia przez wod\u0119 i w s\u0142owie''. (Katechizm Ko\u015bci\u00f3\u0142 Katolickiego, Pallottinum 1999, s. 298).<\/h5>\n          <h5>W naszej parafii chrztu \u015bw. udzielamy zwyczajnie dzieciom naszych parafian. Parafianinem jest ten, kto posiada sta\u0142e lub tymczasowe faktyczne zamieszkanie na terenie naszej parafii.<\/h5>\n          <h5>Mo\u017cna ochrzci\u0107 dziecko w naszym ko\u015bciele tak\u017ce pochodz\u0105ce spoza naszej parafii \u2013 ale tylko po uzyskaniu pisemnej zgody Ksi\u0119dza Proboszcza swojej parafii.<\/h5>\n          <h5>Sakramentu chrztu udzielany jest w naszym ko\u015bciele w dowoln\u0105 niedziel\u0119 miesi\u0105ca podczas Mszy \u015bw. o godzinie 11:00. W wyj\u0105tkowych przypadkach sakrament chrztu mo\u017ce by\u0107 udzielony za zgod\u0105 Ojca Proboszcza w innym terminie.<\/h5>\n          <h5>Jakie kroki nale\u017cy podj\u0105\u0107 przed chrztem swojego dziecka:<\/h5>\n          <h5>- Miesi\u0105c przed planowanym chrztem \u2013 przynajmniej jedno z rodzic\u00f3w udaje si\u0119 do kancelarii parafialnej w godzinach jej urz\u0119dowania wraz z \u015bwiadectwem urodzenia dziecka i innymi potrzebnymi dokumentami.<\/h5>\n          <h5>- W kancelarii zostaje spisany formularz zg\u0142oszenia dziecka do Chrztu, z kt\u00f3rego dane zostaj\u0105 wpisane do Ksi\u0119gi Chrzt\u00f3w.<\/h5>\n          <h5>- Przed przyj\u015bciem do kancelarii nale\u017cy wybra\u0107 matk\u0119 i ojca chrzestnego \u2013 poda\u0107: nazwisko i imi\u0119, stan cywilny, wiek, dat\u0119 i miejsce \u015blubu ko\u015bcielnego, miejsce zamieszkania.<\/h5>\n          <h5>- Rodzice chrzestni mieszkaj\u0105cy poza terenem naszej parafii s\u0105 zobowi\u0105zania przynie\u015b\u0107 ze swoich parafii za\u015bwiadczenia, \u017ce s\u0105 wierz\u0105cymi i praktykuj\u0105cymi katolikami \u2013 takie za\u015bwiadczenie wydaje zawsze kancelaria parafialna parafii, w kt\u00f3rej si\u0119 faktycznie mieszka. W przypadku nie dostarczenia takiego za\u015bwiadczenia osoba nie mo\u017ce zosta\u0107 dopuszczona do godno\u015bci matki czy ojca chrzestnego.<\/h5>\n          <h5>- Rodzice i chrzestni, je\u017celi nie maj\u0105 ku temu przeszk\u00f3d, powinni przed chrztem skorzysta\u0107 z sakramentu pokuty. (Nie mog\u0105 skorzysta\u0107 z sakramentu pokuty osoby \u017cyj\u0105ce ze sob\u0105 na spos\u00f3b ma\u0142\u017ce\u0144stwa, ale nie maj\u0105ce \u015blubu ko\u015bcielnego \u2013 a wi\u0119c osoby \u017cyj\u0105ce z sob\u0105 tylko po \u015blubie cywilnym czy te\u017c w tzw. konkubinacie).<\/h5>\n          <h5>- W dniu chrztu nale\u017cy przyby\u0107 do kancelarii parafialnej ok. 15 minut przed Uroczysto\u015bci\u0105.<\/h5>\n          <h5>- Nale\u017cy przygotowa\u0107 i przynie\u015b\u0107 \u015bwiec\u0119 chrzcieln\u0105 oraz bia\u0142\u0105 szat\u0119 dla swojego dziecka.<\/h5>\n          <h5>- W czasie Mszy \u015bw. nale\u017cy przyst\u0105pi\u0107 do komunii \u015bw. &nbsp;- dobrze jest ofiarowa\u0107 Komuni\u0119 \u015bw. w intencji dziecka.<\/h5>\n          <h5>- Dobrym zwyczajem jest zam\u00f3wienie Mszy \u015bw. w intencji dziecka w rocznic\u0119 urodzin lub chrztu \u015bw. - udzielone zostanie w\u00f3wczas specjalne b\u0142ogos\u0142awie\u0144stwo dla dziecka i jego rodzic\u00f3w na zako\u0144czenie Mszy \u015bw.<\/h5>\n          <h5>- Dzieci chore znajduj\u0105ce si\u0119 w niebezpiecze\u0144stwie \u015bmierci chrzcimy o ka\u017cdej porze.<\/h5>\n          <h5>\n            <br>\n          <\/h5>\n          <h5>Kto mo\u017ce zosta\u0107 rodzicem chrzestnym?<\/h5>\n          <h5>- Uko\u0144czony 16 rok \u017cycia,<\/h5>\n          <h5>- osoba po bierzmowaniu,<\/h5>\n          <h5>- posiadaj\u0105ca za\u015bwiadczenie z swojej parafii, \u017ce jest osob\u0105 wierz\u0105c\u0105 i praktykuj\u0105c\u0105 (dotyczy tylko os\u00f3b mieszkaj\u0105cych poza terenem naszej parafii),<\/h5>\n          <h5>- osoba, kt\u00f3re \u017cyje w sakramentalnym zwi\u0105zku ma\u0142\u017ce\u0144skim (osoby na \u015blubie cywilnym czy w konkubinacie nie mog\u0105 zosta\u0107 chrzestnymi).<\/h5>\n          <h5>\n            <br>\n          <\/h5>\n        <\/div>\n      <\/div>\n    <\/section>\n    \n    \n    \n  \n","protected":false},"excerpt":{"rendered":"<p>DUSZPASTERSTWO SAKRAMENTALNE &nbsp; &nbsp;Sakramenty \u015bwi\u0119te to znaki i narz\u0119dzia, za po\u015brednictwem kt\u00f3rych Duch \u015awi\u0119ty rozlewa \u0142ask\u0119 Chrystusa-G\u0142owy, w Ko\u015bciele, kt\u00f3ry jest Jego Cia\u0142em. Sakramenty Nowego Prawa zosta\u0142y ustanowione przez Chrystusa. Jest ich siedem: chrzest, bierzmowanie, Eucharystia, pokuta, namaszczenie chorych, sakrament \u015bwi\u0119ce\u0144 i ma\u0142\u017ce\u0144stwo. Sakramenty te obejmuj\u0105 wszystkie wa\u017cne momenty \u017cycia chrze\u015bcijanina: sprawiaj\u0105 narodzenie i rozw\u00f3j &hellip; <a href=\"https:\/\/hrubieszow.bernardyni.pl\/index.php\/chrzest-swiety\/\" class=\"more-link\">Continue reading<span class=\"screen-reader-text\"> &#8222;Chrzest \u015awiety&#8221;<\/span><\/a><\/p>\n","protected":false},"author":2,"featured_media":0,"parent":0,"menu_order":3,"comment_status":"closed","ping_status":"closed","template":"","meta":{"footnotes":""},"class_list":["post-3072","page","type-page","status-publish","hentry"],"_links":{"self":[{"href":"https:\/\/hrubieszow.bernardyni.pl\/index.php\/wp-json\/wp\/v2\/pages\/3072","targetHints":{"allow":["GET"]}}],"collection":[{"href":"https:\/\/hrubieszow.bernardyni.pl\/index.php\/wp-json\/wp\/v2\/pages"}],"about":[{"href":"https:\/\/hrubieszow.bernardyni.pl\/index.php\/wp-json\/wp\/v2\/types\/page"}],"author":[{"embeddable":true,"href":"https:\/\/hrubieszow.bernardyni.pl\/index.php\/wp-json\/wp\/v2\/users\/2"}],"replies":[{"embeddable":true,"href":"https:\/\/hrubieszow.bernardyni.pl\/index.php\/wp-json\/wp\/v2\/comments?post=3072"}],"version-history":[{"count":0,"href":"https:\/\/hrubieszow.bernardyni.pl\/index.php\/wp-json\/wp\/v2\/pages\/3072\/revisions"}],"wp:attachment":[{"href":"https:\/\/hrubieszow.bernardyni.pl\/index.php\/wp-json\/wp\/v2\/media?parent=3072"}],"curies":[{"name":"wp","href":"https:\/\/api.w.org\/{rel}","templated":true}]}}