{"id":3075,"date":"2023-09-07T13:28:32","date_gmt":"2023-09-07T11:28:32","guid":{"rendered":"https:\/\/hrubieszow.bernardyni.pl\/index.php\/malzenstwo\/"},"modified":"2025-03-24T14:45:09","modified_gmt":"2025-03-24T13:45:09","slug":"malzenstwo","status":"publish","type":"page","link":"https:\/\/hrubieszow.bernardyni.pl\/index.php\/malzenstwo\/","title":{"rendered":"Ma\u0142\u017ce\u0144stwo"},"content":{"rendered":"\n    \n    <section class=\"u-clearfix u-grey-10 u-section-2\" id=\"sec-a95d\">\n      <div class=\"u-clearfix u-sheet u-valign-middle u-sheet-1\">\n        <div class=\"fr-view u-align-center u-clearfix u-rich-text u-text u-text-1\">\n          <h6 id=\"isPasted\" style=\"text-align: center;\">\n            <span style=\"font-weight: 700;\">SAKRAMENT MA\u0141\u017bE\u0143STWA<\/span>\n          <\/h6>\n          <h6 style=\"text-align: justify;\">,,Przymierze ma\u0142\u017ce\u0144skie, przez kt\u00f3re m\u0119\u017cczyzna i kobieta tworz\u0105 ze sob\u0105 wsp\u00f3lnot\u0119 ca\u0142ego \u017cycia, skierowan\u0105 ze swej natury na dobro ma\u0142\u017conk\u00f3w oraz zrodzenia i wychowania potomstwa, zosta\u0142o mi\u0119dzy ochrzczonymi podniesione przez Chrystusa Pana do godno\u015bci sakramentu''. (Katechizm Ko\u015bcio\u0142a Katolickiego, Pallottinum 1994, s. 379).<\/h6>\n          <h6 style=\"text-align: justify;\">\n            <br>\n          <\/h6>\n          <h6 style=\"text-align: justify;\">Sakrament ma\u0142\u017ce\u0144stwa mog\u0105 przyj\u0105\u0107 ci narzeczeni:<\/h6>\n          <h6 style=\"text-align: justify;\">- kt\u00f3rzy w \u015bwietle wiary rozeznali, \u017ce ma\u0142\u017ce\u0144stwo jest ich powo\u0142aniem \u017cyciowym,<\/h6>\n          <h6 style=\"text-align: justify;\">- kt\u00f3rzy uko\u0144czyli 18 lat,<\/h6>\n          <h6 style=\"text-align: justify;\">- z kt\u00f3rych przynajmniej jedno posiada sta\u0142e lub tymczasowe faktyczne zamieszkanie (nie myli\u0107 z zameldowaniem) albo miesi\u0119czny pobyt z zamiarem zamieszkania w naszej parafii,<\/h6>\n          <h6 style=\"text-align: justify;\">- kt\u00f3rzy przeszli odpowiednie przygotowanie chrze\u015bcija\u0144skie i ma\u0142\u017ce\u0144skie.<br>\n            <br>\n            <br>\n          <\/h6>\n          <h6 style=\"text-align: justify;\">1. Zasad\u0105 og\u00f3lnie przyj\u0119ta na podstawie Kodeksu Prawa Kanonicznego jest, \u017ce sakrament ma\u0142\u017ce\u0144stwa przyjmuje si\u0119 parafii faktycznego zamieszkania (a nie sta\u0142ego czy tymczasowego zameldowania) narzeczonej i narzeczonego. Gdyby jednak zaistnia\u0142y warunki wskazuj\u0105ce na konieczno\u015b\u0107 zawarcia tego\u017c sakramentu poza w\u0142asn\u0105 parafi\u0105, w\u00f3wczas nale\u017cy uzyska\u0107 licencj\u0119 (czyli specjaln\u0105 zgod\u0119) na \u015blub w innym ko\u015bciele. Podobnie \u2013 gdy kto\u015b chcia\u0142 zawrze\u0107 sakrament ma\u0142\u017ce\u0144stwa w naszym ko\u015bciele, a nie pochodzi\u0142by z naszej parafii \u2013 potrzebuje na to zgody (licencji) od swojego Ksi\u0119dza Proboszcza. 2. Warto wr\u00f3ci\u0107 do niestety zapomnianego ju\u017c zwyczaju zar\u0119czyn, kt\u00f3re zawierano na kilka miesi\u0119cy, a czasem nawet lat przed \u015blubem.<\/h6>\n          <h6 style=\"text-align: justify;\">3. Zarezerwowa\u0107 dzie\u0144 i godzin\u0119 \u015blubu mo\u017cna nawet rok przed samym zawarciem sakramentu ma\u0142\u017ce\u0144stwa.<\/h6>\n          <h6 style=\"text-align: justify;\">4. Na 3 miesi\u0105ce przed zawarciem sakramentu ma\u0142\u017ce\u0144stwa nale\u017cy um\u00f3wi\u0107 si\u0119 z Ojcem Proboszczem na spisanie protoko\u0142u przed\u015blubnego. Na spisanie tego protok\u00f3\u0142 trzeba przynie\u015b\u0107 nast\u0119puj\u0105ce dokumenty:<\/h6>\n          <h6 style=\"text-align: justify;\">- dow\u00f3d osobisty narzeczonego i narzeczonej,<\/h6>\n          <h6 style=\"text-align: justify;\">- \u015bwiadectwo uko\u0144czenia religii na poziomie szko\u0142y \u015bredniej lub zawodowej,<\/h6>\n          <h6 style=\"text-align: justify;\">- \u015bwiadectwo chrztu z adnotacj\u0105 o przyj\u0119ciu sakramentu bierzmowania \u2013 wa\u017cne trzy miesi\u0105ce,<\/h6>\n          <h6 style=\"text-align: justify;\">- \u015bwiadectwo bierzmowania \u2013 je\u017celi brak takiej adnotacji o nim na \u015bwiadectwie chrztu,<\/h6>\n          <h6 style=\"text-align: justify;\">- za\u015bwiadczenie z Urz\u0119du Stanu Cywilnego do \u015blubu konkordatowego wa\u017cne trzy miesi\u0105ce,<\/h6>\n          <h6 style=\"text-align: justify;\">- za\u015bwiadczenie o odbyciu nauk przed\u015blubnych.<\/h6>\n          <h6 style=\"text-align: justify;\">5. &nbsp;Je\u017celi narzeczony lub narzeczona mieszkaj\u0105 poza terenem naszej parafii \u2013 wtedy przy spisywaniu protok\u00f3\u0142u przed\u015blubnego otrzymuj\u0105 ,,Pro\u015bb\u0119 o wyg\u0142oszenie zapowiedzi'', kt\u00f3r\u0105 zanosz\u0105 do kancelarii parafialnej parafii miejsca swojego zamieszkania. Zgodnie z Kodeksem Prawa Kanonicznego takie zapowiedzi musz\u0105 zosta\u0107 wyg\u0142oszone w parafii zamieszkania przez dwie niedziele.6. &nbsp;Narzeczeni otrzymuj\u0105 tak\u017ce karteczk\u0119 do spowiedzi \u015bw. na dwie spowiedzi przed zawarciem \u015blubu. Nale\u017cy pami\u0119ta\u0107 by spowiedzi nast\u0119powa\u0142y w miesi\u0119cznym odst\u0119pie i po ka\u017cdej spowiedzi poprosi\u0107 o podpis spowiednika. Przed rozpocz\u0119ciem spowiedzi nale\u017cy powiedzie\u0107 ksi\u0119dzu spowiednikowi, \u017ce jest to spowied\u017a przed\u015blubna.7. &nbsp;W wypadku \u015blubu konkordatowego potrzebne jest ,,Za\u015bwiadczenie stwierdzaj\u0105ce brak okoliczno\u015bci wy\u0142\u0105czaj\u0105cych zawarcie ma\u0142\u017ce\u0144stwa''. Za\u015bwiadczenie to jest wa\u017cne sze\u015b\u0107 miesi\u0119cy. Narzeczeni otrzymuj\u0105 je w dw\u00f3ch kopiach w Urz\u0119dzie Stanu Cywilnego. 8. &nbsp;Jest mo\u017cliwe dodatkowe strojenie ko\u015bcio\u0142a \u2013 np. dodatkowe kwiaty, itp. - odpowiedzialna jest za to wyznaczona osoba w parafii, z kt\u00f3r\u0105 &nbsp;mo\u017cna si\u0119 skontaktowa\u0107 za po\u015brednictwem Ojca Proboszcza. Mo\u017cna te\u017c wynaj\u0105\u0107 zajmuj\u0105c\u0105 si\u0119 tym firm\u0119. Zgodnie ze wskazaniami liturgicznymi w ko\u015bciele nie mo\u017cna umieszcza\u0107 \u017cadnych sztucznych kwiat\u00f3w.9.Dzie\u0144 przed \u015blubem narzeczeni wraz ze \u015bwiadkami przychodz\u0105 do kancelarii parafialnej po Mszy \u015bw. o godz. 17.30 (podczas tej Mszy \u015bw. mog\u0105 skorzysta\u0107 z sakramentu pokuty) i sk\u0142adaj\u0105 podpisy w Ksi\u0119dze Ma\u0142\u017ce\u0144stw. Wtedy tak\u017ce sprawdza si\u0119 czy wszystkie dokumenty s\u0105 w komplecie. Nast\u0119pnie narzeczeni otrzymuj\u0105 wskaz\u00f3wki odno\u015bnie przebiegu ceremonii za\u015blubin oraz odpowiedzi na ewentualne pytania.<\/h6>\n          <h6 style=\"text-align: justify;\">\n            <br>\n          <\/h6>\n          <h6 style=\"text-align: justify;\">KONFERENCJE DLA NARZECZONYCH odbywaj\u0105 si\u0119 w tutejszej parafii wy\u0142\u0105cznie dla os\u00f3b zawieraj\u0105cych sakrament ma\u0142\u017ce\u0144stwa w naszym ko\u015bciele.<\/h6>\n          <h6>\n            <br>\n          <\/h6>\n        <\/div>\n      <\/div>\n    <\/section>\n    \n    \n    \n  \n","protected":false},"excerpt":{"rendered":"<p>SAKRAMENT MA\u0141\u017bE\u0143STWA ,,Przymierze ma\u0142\u017ce\u0144skie, przez kt\u00f3re m\u0119\u017cczyzna i kobieta tworz\u0105 ze sob\u0105 wsp\u00f3lnot\u0119 ca\u0142ego \u017cycia, skierowan\u0105 ze swej natury na dobro ma\u0142\u017conk\u00f3w oraz zrodzenia i wychowania potomstwa, zosta\u0142o mi\u0119dzy ochrzczonymi podniesione przez Chrystusa Pana do godno\u015bci sakramentu&#8221;. (Katechizm Ko\u015bcio\u0142a Katolickiego, Pallottinum 1994, s. 379). Sakrament ma\u0142\u017ce\u0144stwa mog\u0105 przyj\u0105\u0107 ci narzeczeni: &#8211; kt\u00f3rzy w \u015bwietle wiary &hellip; <a href=\"https:\/\/hrubieszow.bernardyni.pl\/index.php\/malzenstwo\/\" class=\"more-link\">Continue reading<span class=\"screen-reader-text\"> &#8222;Ma\u0142\u017ce\u0144stwo&#8221;<\/span><\/a><\/p>\n","protected":false},"author":2,"featured_media":0,"parent":0,"menu_order":6,"comment_status":"closed","ping_status":"closed","template":"","meta":{"footnotes":""},"class_list":["post-3075","page","type-page","status-publish","hentry"],"_links":{"self":[{"href":"https:\/\/hrubieszow.bernardyni.pl\/index.php\/wp-json\/wp\/v2\/pages\/3075","targetHints":{"allow":["GET"]}}],"collection":[{"href":"https:\/\/hrubieszow.bernardyni.pl\/index.php\/wp-json\/wp\/v2\/pages"}],"about":[{"href":"https:\/\/hrubieszow.bernardyni.pl\/index.php\/wp-json\/wp\/v2\/types\/page"}],"author":[{"embeddable":true,"href":"https:\/\/hrubieszow.bernardyni.pl\/index.php\/wp-json\/wp\/v2\/users\/2"}],"replies":[{"embeddable":true,"href":"https:\/\/hrubieszow.bernardyni.pl\/index.php\/wp-json\/wp\/v2\/comments?post=3075"}],"version-history":[{"count":0,"href":"https:\/\/hrubieszow.bernardyni.pl\/index.php\/wp-json\/wp\/v2\/pages\/3075\/revisions"}],"wp:attachment":[{"href":"https:\/\/hrubieszow.bernardyni.pl\/index.php\/wp-json\/wp\/v2\/media?parent=3075"}],"curies":[{"name":"wp","href":"https:\/\/api.w.org\/{rel}","templated":true}]}}