{"id":3076,"date":"2023-09-07T13:28:33","date_gmt":"2023-09-07T11:28:33","guid":{"rendered":"https:\/\/hrubieszow.bernardyni.pl\/index.php\/pogrzeb\/"},"modified":"2025-03-24T14:46:51","modified_gmt":"2025-03-24T13:46:51","slug":"pogrzeb","status":"publish","type":"page","link":"https:\/\/hrubieszow.bernardyni.pl\/index.php\/pogrzeb\/","title":{"rendered":"Pogrzeb"},"content":{"rendered":"\n    \n    <section class=\"u-clearfix u-grey-10 u-section-2\" id=\"sec-a95d\">\n      <div class=\"u-clearfix u-sheet u-valign-middle u-sheet-1\">\n        <div class=\"fr-view u-align-center u-clearfix u-rich-text u-text u-text-1\">\n          <h6>\n            <span style=\"font-size: 1.25rem; font-weight: 700;\">&nbsp;POGRZEB CHRZE\u015aCIJA\u0143SKI<\/span>\n          <\/h6>\n          <h6 style=\"text-align: justify;\">Pogrzeb zaliczany jest do sakramentali\u00f3w Ko\u015bcio\u0142a.<\/h6>\n          <h6 style=\"text-align: justify;\">1. W celu dope\u0142nienia formalno\u015bci pogrzebowych nale\u017cy zg\u0142osi\u0107 si\u0119 do kancelarii parafialnej mo\u017cna to uczyni\u0107 nawet poza godzinami urz\u0119dowania.<\/h6>\n          <h6 style=\"text-align: justify;\">2. Pogrzeb za\u0142atwia najbli\u017csza rodzina w parafii zamieszkania zmar\u0142ego. Je\u017celi pogrzeb ma odby\u0107 si\u0119 poza parafi\u0105 zamieszkania \u2013 potrzebna jest zgoda na poch\u00f3wek od proboszcza, na terenie kt\u00f3rego parafii zmar\u0142y zamieszkiwa\u0142.<\/h6>\n          <h6 style=\"text-align: justify;\">3. Przy zg\u0142aszaniu pogrzebu nale\u017cy w kancelarii parafialnej przed\u0142o\u017cy\u0107 kart\u0119 zgonu wystawion\u0105 przez lekarza oraz skr\u00f3cony akt zgonu z USC oraz za\u015bwiadczenie ksi\u0119dza kapelana o przyj\u0119ciu przed \u015bmierci\u0105 sakrament\u00f3w \u015bw. (dotyczy to zmar\u0142ych w szpitalu).<\/h6>\n          <h6 style=\"text-align: justify;\">4. Pogrzeb, miejsce grobowe i wszelkie inne sprawy zwi\u0105zane z pogrzebem s\u0105 za\u0142atwienia zgodnie z prawem pa\u0144stwowym i prawem ko\u015bcielnym, kt\u00f3re to prawa si\u0119 wzajemnie uzupe\u0142niaj\u0105 w tych kwestiach. Cmentarzem ko\u015bcielnym w Hrubieszowie zarz\u0105dza parafia pw. Ducha \u015awi\u0119tego .<\/h6>\n        <\/div>\n      <\/div>\n    <\/section>\n    \n    \n    \n  \n","protected":false},"excerpt":{"rendered":"<p>&nbsp;POGRZEB CHRZE\u015aCIJA\u0143SKI Pogrzeb zaliczany jest do sakramentali\u00f3w Ko\u015bcio\u0142a. 1. W celu dope\u0142nienia formalno\u015bci pogrzebowych nale\u017cy zg\u0142osi\u0107 si\u0119 do kancelarii parafialnej mo\u017cna to uczyni\u0107 nawet poza godzinami urz\u0119dowania. 2. Pogrzeb za\u0142atwia najbli\u017csza rodzina w parafii zamieszkania zmar\u0142ego. Je\u017celi pogrzeb ma odby\u0107 si\u0119 poza parafi\u0105 zamieszkania \u2013 potrzebna jest zgoda na poch\u00f3wek od proboszcza, na terenie kt\u00f3rego &hellip; <a href=\"https:\/\/hrubieszow.bernardyni.pl\/index.php\/pogrzeb\/\" class=\"more-link\">Continue reading<span class=\"screen-reader-text\"> &#8222;Pogrzeb&#8221;<\/span><\/a><\/p>\n","protected":false},"author":2,"featured_media":0,"parent":0,"menu_order":7,"comment_status":"closed","ping_status":"closed","template":"","meta":{"footnotes":""},"class_list":["post-3076","page","type-page","status-publish","hentry"],"_links":{"self":[{"href":"https:\/\/hrubieszow.bernardyni.pl\/index.php\/wp-json\/wp\/v2\/pages\/3076","targetHints":{"allow":["GET"]}}],"collection":[{"href":"https:\/\/hrubieszow.bernardyni.pl\/index.php\/wp-json\/wp\/v2\/pages"}],"about":[{"href":"https:\/\/hrubieszow.bernardyni.pl\/index.php\/wp-json\/wp\/v2\/types\/page"}],"author":[{"embeddable":true,"href":"https:\/\/hrubieszow.bernardyni.pl\/index.php\/wp-json\/wp\/v2\/users\/2"}],"replies":[{"embeddable":true,"href":"https:\/\/hrubieszow.bernardyni.pl\/index.php\/wp-json\/wp\/v2\/comments?post=3076"}],"version-history":[{"count":0,"href":"https:\/\/hrubieszow.bernardyni.pl\/index.php\/wp-json\/wp\/v2\/pages\/3076\/revisions"}],"wp:attachment":[{"href":"https:\/\/hrubieszow.bernardyni.pl\/index.php\/wp-json\/wp\/v2\/media?parent=3076"}],"curies":[{"name":"wp","href":"https:\/\/api.w.org\/{rel}","templated":true}]}}