{"id":3082,"date":"2023-09-07T13:28:39","date_gmt":"2023-09-07T11:28:39","guid":{"rendered":"https:\/\/hrubieszow.bernardyni.pl\/index.php\/kancelaria\/"},"modified":"2025-01-13T11:15:36","modified_gmt":"2025-01-13T10:15:36","slug":"kancelaria","status":"publish","type":"page","link":"https:\/\/hrubieszow.bernardyni.pl\/index.php\/kancelaria\/","title":{"rendered":"Kancelaria"},"content":{"rendered":"\n    \n    <section class=\"u-clearfix u-grey-5 u-section-2\" id=\"sec-da98\">\n      <div class=\"u-clearfix u-sheet u-sheet-1\">\n        <div class=\"data-layout-selected u-clearfix u-expanded-width u-gutter-10 u-layout-wrap u-layout-wrap-1\">\n          <div class=\"u-gutter-0 u-layout\">\n            <div class=\"u-layout-row\">\n              <div class=\"u-align-left u-container-style u-layout-cell u-shape-rectangle u-size-30 u-layout-cell-1\">\n                <div class=\"u-container-layout u-container-layout-1\" src=\"\">\n                  <div class=\"fr-view u-align-center u-clearfix u-rich-text u-text u-text-1\">\n                    <div class=\"fr-wrapper\" dir=\"auto\">\n                      <div class=\"fr-element fr-view\" dir=\"auto\" spellcheck=\"true\">\n                        <h2>\n                          <span class=\"u-text-palette-2-base\">Kancelaria Parafialna<\/span>&nbsp; &nbsp;\n                        <\/h2>\n                        <p style=\"text-align: justify;\">Tutejsza parafia pod w<img decoding=\"async\" src=\"https:\/\/hrubieszow.bernardyni.pl\/wp-content\/uploads\/2023\/09\/p017_0_00_02-2286097271.jpg\" align=\"middle\" style=\"width: 269px;\" class=\"fr-dii fr-fic fr-fil\" width=\"277.5\">ezwaniem \u015bw. Stanis\u0142awa Kostki zosta\u0142a erygowana przy Sanktuarium Matki Bo\u017cej Sokalskiej i Klasztorze OO. Bernardyn\u00f3w w Hrubieszowie przez Ks. Bpa Jana \u015arutw\u0119 (\u00f3wczesnego ordynariusza Diecezji Zamojsko- Lubaczowskiej) w dniu 24 czerwca 2001 r., liczy\u0142a ok. 1590 mieszka\u0144c\u00f3w (wed\u0142ug danych meldunkowych z pocz\u0105tku 2021 roku). \n                        <\/p>\n                        <p style=\"text-align: justify;\">Aktualna liczba os\u00f3b zamieszkuj\u0105cych parafi\u0119 1191 (informacja na dzie\u0144 31.12.2023 r.) uzyskana z organ\u00f3w administracji samorz\u0105dowej. <\/p>\n                        <h3>\n                          <span class=\"u-text-palette-1-base\">Kancelaria parafialna<\/span>\n                          <span class=\"u-text-palette-1-base\">jest czynna:<\/span>&nbsp;\n                        <\/h3>\n                        <h4>wtorek, \u015broda, czwartek&nbsp;<\/h4>\n                        <h4>godzin\u0119 po zako\u0144czeniu wieczornej Mszy \u015bwi\u0119tej.<\/h4>\n                        <h5 style=\"text-align: justify;\">W sprawach pilnych prosimy o kontakt telefoniczny:&nbsp;<\/h5>\n                        <h5 style=\"text-align: justify;\">numer stacjonarny - 84 696 23 93<\/h5>\n                        <h5 style=\"text-align: justify;\">\n                          <span style=\"font-weight: 700;\">\n                            <span class=\"u-text-custom-color-2\">WA\u017bNE:<\/span>\n                          <\/span> Zgodnie z Prawem Kanonicznym parafianinem jest ten, kto posiada sta\u0142e lub tymczasowe f a k t y c z n e zamieszkanie (nie zameldowanie) na terenie naszej parafii albo przynajmniej miesi\u0119czny pobyt z zamiarem zamieszkania w tutejszej parafii.\n                        <\/h5>\n                        <p>\n                          <br>\n                        <\/p>\n                        <p>\n                          <br>\n                        <\/p>\n                        <p>\n                          <br>\n                        <\/p>\n                      <\/div>\n                    <\/div>\n                    <div class=\"fr-second-toolbar\">\n                      <br>\n                    <\/div>\n                  <\/div>\n                <\/div>\n              <\/div>\n              <div class=\"u-align-left u-container-style u-layout-cell u-shape-rectangle u-size-30 u-layout-cell-2\">\n                <div class=\"u-container-layout u-container-layout-2\" src=\"\">\n                  <div class=\"fr-view u-align-left u-clearfix u-rich-text u-text u-text-2\">\n                    <h3>\n                      <span class=\"u-text-palette-4-base\">Do parafii nale\u017c\u0105 wierni zamieszkuj\u0105cy przy nast\u0119puj\u0105cych ulicach miasta Hrubieszowa:<\/span>\n                    <\/h3>\n                    <ul type=\"circle\">\n                      <li style=\"mso-margin-top-alt:auto;mso-margin-bottom-alt:       auto;line-height:normal;mso-list:l0 level2 lfo1;tab-stops:list 72.0pt;\">\n                        <h5>G\u0119sia,<\/h5>\n                      <\/li>\n                      <li style=\"mso-margin-top-alt:auto;mso-margin-bottom-alt:       auto;line-height:normal;mso-list:l0 level2 lfo1;tab-stops:list 72.0pt;\">\n                        <h5>Krucza,<\/h5>\n                      <\/li>\n                      <li style=\"mso-margin-top-alt:auto;mso-margin-bottom-alt:       auto;line-height:normal;mso-list:l0 level2 lfo1;tab-stops:list 72.0pt;\">\n                        <h5>G\u00f3rna,<\/h5>\n                      <\/li>\n                      <li style=\"mso-margin-top-alt:auto;mso-margin-bottom-alt:       auto;line-height:normal;mso-list:l0 level2 lfo1;tab-stops:list 72.0pt;\">\n                        <h5>Kili\u0144skiego (od nr 15 ),<\/h5>\n                      <\/li>\n                      <li style=\"mso-margin-top-alt:auto;mso-margin-bottom-alt:       auto;line-height:normal;mso-list:l0 level2 lfo1;tab-stops:list 72.0pt;\">\n                        <h5>Kr\u0119ta,<\/h5>\n                      <\/li>\n                      <li style=\"mso-margin-top-alt:auto;mso-margin-bottom-alt:       auto;line-height:normal;mso-list:l0 level2 lfo1;tab-stops:list 72.0pt;\">\n                        <h5>Ludna,<\/h5>\n                      <\/li>\n                      <li style=\"mso-margin-top-alt:auto;mso-margin-bottom-alt:       auto;line-height:normal;mso-list:l0 level2 lfo1;tab-stops:list 72.0pt;\">\n                        <h5>Partyzant\u00f3w,<\/h5>\n                      <\/li>\n                      <li style=\"mso-margin-top-alt:auto;mso-margin-bottom-alt:       auto;line-height:normal;mso-list:l0 level2 lfo1;tab-stops:list 72.0pt;\">\n                        <h5>Plac Staszica,<\/h5>\n                      <\/li>\n                      <li style=\"mso-margin-top-alt:auto;mso-margin-bottom-alt:       auto;line-height:normal;mso-list:l0 level2 lfo1;tab-stops:list 72.0pt;\">\n                        <h5>Pogodna,<\/h5>\n                      <\/li>\n                      <li style=\"mso-margin-top-alt:auto;mso-margin-bottom-alt:       auto;line-height:normal;mso-list:l0 level2 lfo1;tab-stops:list 72.0pt;\">\n                        <h5>Szeroka,<\/h5>\n                      <\/li>\n                      <li style=\"mso-margin-top-alt:auto;mso-margin-bottom-alt:       auto;line-height:normal;mso-list:l0 level2 lfo1;tab-stops:list 72.0pt;\">\n                        <h5>Szewska,<\/h5>\n                      <\/li>\n                      <li style=\"mso-margin-top-alt:auto;mso-margin-bottom-alt:       auto;line-height:normal;mso-list:l0 level2 lfo1;tab-stops:list 72.0pt;\">\n                        <h5>Targowa,<\/h5>\n                      <\/li>\n                      <li style=\"mso-margin-top-alt:auto;mso-margin-bottom-alt:       auto;line-height:normal;mso-list:l0 level2 lfo1;tab-stops:list 72.0pt;\">\n                        <h5>Wodna,<\/h5>\n                      <\/li>\n                      <li style=\"mso-margin-top-alt:auto;mso-margin-bottom-alt:       auto;line-height:normal;mso-list:l0 level2 lfo1;tab-stops:list 72.0pt;\">\n                        <h5>\u017beromskiego (do mostu).<\/h5>\n                      <\/li>\n                    <\/ul>\n                  <\/div>\n                <\/div>\n              <\/div>\n            <\/div>\n          <\/div>\n        <\/div>\n      <\/div>\n    <\/section>\n    \n    \n    \n  \n","protected":false},"excerpt":{"rendered":"<p>Kancelaria Parafialna&nbsp; &nbsp; Tutejsza parafia pod wezwaniem \u015bw. Stanis\u0142awa Kostki zosta\u0142a erygowana przy Sanktuarium Matki Bo\u017cej Sokalskiej i Klasztorze OO. Bernardyn\u00f3w w Hrubieszowie przez Ks. Bpa Jana \u015arutw\u0119 (\u00f3wczesnego ordynariusza Diecezji Zamojsko- Lubaczowskiej) w dniu 24 czerwca 2001 r., liczy\u0142a ok. 1590 mieszka\u0144c\u00f3w (wed\u0142ug danych meldunkowych z pocz\u0105tku 2021 roku). Aktualna liczba os\u00f3b zamieszkuj\u0105cych parafi\u0119 &hellip; <a href=\"https:\/\/hrubieszow.bernardyni.pl\/index.php\/kancelaria\/\" class=\"more-link\">Continue reading<span class=\"screen-reader-text\"> &#8222;Kancelaria&#8221;<\/span><\/a><\/p>\n","protected":false},"author":2,"featured_media":0,"parent":0,"menu_order":13,"comment_status":"closed","ping_status":"closed","template":"","meta":{"footnotes":""},"class_list":["post-3082","page","type-page","status-publish","hentry"],"_links":{"self":[{"href":"https:\/\/hrubieszow.bernardyni.pl\/index.php\/wp-json\/wp\/v2\/pages\/3082","targetHints":{"allow":["GET"]}}],"collection":[{"href":"https:\/\/hrubieszow.bernardyni.pl\/index.php\/wp-json\/wp\/v2\/pages"}],"about":[{"href":"https:\/\/hrubieszow.bernardyni.pl\/index.php\/wp-json\/wp\/v2\/types\/page"}],"author":[{"embeddable":true,"href":"https:\/\/hrubieszow.bernardyni.pl\/index.php\/wp-json\/wp\/v2\/users\/2"}],"replies":[{"embeddable":true,"href":"https:\/\/hrubieszow.bernardyni.pl\/index.php\/wp-json\/wp\/v2\/comments?post=3082"}],"version-history":[{"count":0,"href":"https:\/\/hrubieszow.bernardyni.pl\/index.php\/wp-json\/wp\/v2\/pages\/3082\/revisions"}],"wp:attachment":[{"href":"https:\/\/hrubieszow.bernardyni.pl\/index.php\/wp-json\/wp\/v2\/media?parent=3082"}],"curies":[{"name":"wp","href":"https:\/\/api.w.org\/{rel}","templated":true}]}}