{"id":3084,"date":"2023-09-07T13:28:41","date_gmt":"2023-09-07T11:28:41","guid":{"rendered":"https:\/\/hrubieszow.bernardyni.pl\/index.php\/skrzynka-intencji\/"},"modified":"2025-03-27T17:29:44","modified_gmt":"2025-03-27T16:29:44","slug":"skrzynka-intencji","status":"publish","type":"page","link":"https:\/\/hrubieszow.bernardyni.pl\/index.php\/skrzynka-intencji\/","title":{"rendered":"Pro\u015bby"},"content":{"rendered":"\n    \n    <section class=\"u-align-center u-clearfix u-grey-10 u-section-2\" id=\"sec-9db4\">\n      <div class=\"u-clearfix u-sheet u-valign-middle-lg u-valign-middle-md u-valign-middle-sm u-valign-middle-xs u-sheet-1\">\n        <h1 class=\"u-text u-text-default u-text-1\">Pro\u015bby<\/h1>\n        <p class=\"u-text u-text-2\">Wszystkie intencje prosimy wysy\u0142ac na adres:<br>\n          <br>\n          <a href=\"mailto:prosby.hrubieszow@gmail.com\" class=\"u-active-none u-border-none u-btn u-button-link u-button-style u-hover-none u-none u-text-palette-1-base u-btn-1\"> mbsokalska@gmail.com<\/a>\n          <br>\n          <br>\n        <\/p>\n        <h4 class=\"u-text u-text-3\"> Pro\u015bby do Matki Bo\u017cej Sokalskiej prosimy pisa\u0107 na adres:<br>\n          <br>\n          <a href=\"mailto:mbsokalska@gmail.com\" class=\"u-active-none u-border-none u-btn u-button-style u-hover-none u-none u-text-palette-1-base u-btn-2\">mbsokalska@gmail.com<\/a>\n          <br>\n          <br>Kochani, wiele os\u00f3b otrzymuje \u0142aski i jest przekonana, \u017ce to si\u0119 sta\u0142o za przyczyn\u0105 Matki Bo\u017cej Sokalskiej.&nbsp;Prosimy, aby \u015bwiadectwa wiary wys\u0142a\u0107 na podany wy\u017cej adres poczty elektronicznej. \n        <\/h4>\n      <\/div>\n    <\/section>\n    \n    \n    \n  \n","protected":false},"excerpt":{"rendered":"<p>Pro\u015bby Wszystkie intencje prosimy wysy\u0142ac na adres: mbsokalska@gmail.com Pro\u015bby do Matki Bo\u017cej Sokalskiej prosimy pisa\u0107 na adres: mbsokalska@gmail.com Kochani, wiele os\u00f3b otrzymuje \u0142aski i jest przekonana, \u017ce to si\u0119 sta\u0142o za przyczyn\u0105 Matki Bo\u017cej Sokalskiej.&nbsp;Prosimy, aby \u015bwiadectwa wiary wys\u0142a\u0107 na podany wy\u017cej adres poczty elektronicznej.<\/p>\n","protected":false},"author":2,"featured_media":0,"parent":0,"menu_order":15,"comment_status":"closed","ping_status":"closed","template":"","meta":{"footnotes":""},"class_list":["post-3084","page","type-page","status-publish","hentry"],"_links":{"self":[{"href":"https:\/\/hrubieszow.bernardyni.pl\/index.php\/wp-json\/wp\/v2\/pages\/3084","targetHints":{"allow":["GET"]}}],"collection":[{"href":"https:\/\/hrubieszow.bernardyni.pl\/index.php\/wp-json\/wp\/v2\/pages"}],"about":[{"href":"https:\/\/hrubieszow.bernardyni.pl\/index.php\/wp-json\/wp\/v2\/types\/page"}],"author":[{"embeddable":true,"href":"https:\/\/hrubieszow.bernardyni.pl\/index.php\/wp-json\/wp\/v2\/users\/2"}],"replies":[{"embeddable":true,"href":"https:\/\/hrubieszow.bernardyni.pl\/index.php\/wp-json\/wp\/v2\/comments?post=3084"}],"version-history":[{"count":0,"href":"https:\/\/hrubieszow.bernardyni.pl\/index.php\/wp-json\/wp\/v2\/pages\/3084\/revisions"}],"wp:attachment":[{"href":"https:\/\/hrubieszow.bernardyni.pl\/index.php\/wp-json\/wp\/v2\/media?parent=3084"}],"curies":[{"name":"wp","href":"https:\/\/api.w.org\/{rel}","templated":true}]}}