{"id":3086,"date":"2023-09-07T13:28:43","date_gmt":"2023-09-07T11:28:43","guid":{"rendered":"https:\/\/hrubieszow.bernardyni.pl\/index.php\/chorzy\/"},"modified":"2025-03-24T14:48:17","modified_gmt":"2025-03-24T13:48:17","slug":"chorzy","status":"publish","type":"page","link":"https:\/\/hrubieszow.bernardyni.pl\/index.php\/chorzy\/","title":{"rendered":"Chorzy"},"content":{"rendered":"\n    \n    <section class=\"u-clearfix u-grey-10 u-section-2\" id=\"sec-a95d\">\n      <div class=\"u-clearfix u-sheet u-sheet-1\">\n        <div class=\"fr-view u-align-center u-clearfix u-rich-text u-text u-text-1\">\n          <h6 id=\"isPasted\" style=\"text-align: center;\">\n            <span style=\"font-weight: 700;\">SAKRAMENT NAMASZCZENIA CHORYCH<\/span>\n          <\/h6>\n          <h6 style=\"text-align: justify;\">,,Przez \u015bwi\u0119te chorych namaszczenie i modlitw\u0119 kap\u0142an\u00f3w ca\u0142y Ko\u015bci\u00f3\u0142 poleca chorych &nbsp;cierpi\u0105cemu i uwielbionemu Panu, aby ich pod\u017awign\u0105\u0142 i zbawi\u0142, a nadto zach\u0119ca ich, aby &nbsp;\u0142\u0105cz\u0105c si\u0119 dobrowolnie z m\u0119k\u0105 i \u015bmierci\u0105 Chrystusa, przysparzali dobra Ludowi Bo\u017cemu''. &nbsp; (Katechizm Ko\u015bcio\u0142a Katolickiego, Pallottinum 1994, s. 356).<\/h6>\n          <h6 style=\"text-align: justify;\">&nbsp; Ojciec Proboszcz odwiedza chorych i osoby starsze z naszej parafii (kt\u00f3re ze wzgl\u0119d\u00f3w zdrowotnych nie s\u0105 w stanie uczestniczy\u0107 w Mszy \u015bw. w ko\u015bciele) &nbsp;w pierwszy pi\u0105tek miesi\u0105ca lub w inny dzie\u0144 od godz. 9:00; oraz po uprzednim podaniu informacji w og\u0142oszeniach duszpasterskich z okazji:<\/h6>\n          <h6 style=\"text-align: justify;\">- \u015awi\u0105t Bo\u017cego Narodzenia,<\/h6>\n          <h6 style=\"text-align: justify;\">- \u015awi\u0105t Wielkanocnych.<\/h6>\n          <h6 style=\"text-align: justify;\">Ponadto \u2013 kap\u0142an z tutejszego klasztoru jest zawsze do dyspozycji w razie gdyby kto\u015b z parafian nagle potrzebowa\u0142 sakramentu chorych.<\/h6>\n          <h6 style=\"text-align: justify;\">Osoby te mo\u017cna zg\u0142asza\u0107:<\/h6>\n          <h6 style=\"text-align: justify;\">- w zakrystii,<\/h6>\n          <h6 style=\"text-align: justify;\">- kancelarii parafialnej<\/h6>\n          <h6 style=\"text-align: justify;\">\n            <br>\n          <\/h6>\n          <h6 style=\"text-align: justify;\">Podczas odwiedzin chorym udzielany jest:<\/h6>\n          <h6 style=\"text-align: justify;\">- Sakrament Pokuty (je\u017celi osoba chora prosi o spowied\u017a),<\/h6>\n          <h6 style=\"text-align: justify;\">- Komunia \u015bw.&nbsp;<\/h6>\n          <h6 style=\"text-align: justify;\">- Sakrament Namaszczenia Chorych (na pro\u015bb\u0119 chorego lub kogo\u015b z rodziny).<\/h6>\n          <h6 style=\"text-align: justify;\">Co nale\u017cy przygotowa\u0107?<\/h6>\n          <h6 style=\"text-align: justify;\">- St\u00f3\u0142 nakryty bia\u0142ym obrusem,<\/h6>\n          <h6 style=\"text-align: justify;\">- Krzy\u017c i dwie zapalone \u015bwiece,<\/h6>\n          <h6 style=\"text-align: justify;\">- Mo\u017cna przygotowa\u0107 naczynie z wod\u0105 \u015bwi\u0119con\u0105.<br>\n            <br>\n            <br>Sakrament Namaszczenia Chorych udzielany jest:\n          <\/h6>\n          <h6 style=\"text-align: justify;\">- chorym i osobom starszym,<\/h6>\n          <h6 style=\"text-align: justify;\">- osobom umieraj\u0105cym.<\/h6>\n          <h6 style=\"text-align: justify;\">&nbsp; Jest to przede wszystkim sakrament uzdrowienia o czym \u015bwiadcz\u0105 s\u0142owa wypowiadane przez kap\u0142ana podczas udzielania tego sakramentu:<\/h6>\n          <h6 style=\"text-align: justify;\">,,Przez to \u015bwi\u0119te namaszczenie niech Pan w swoim niesko\u0144czonym mi\u0142osierdziu wspomo\u017ce ciebie \u0142ask\u0105 Ducha \u015awi\u0119tego. Amen.&nbsp;<\/h6>\n          <h6 style=\"text-align: justify;\">Pan, kt\u00f3ry odpuszcza ci grzechy, niech ci\u0119 wybawi i \u0142askawie pod\u017awignie. Amen.\u201d<\/h6>\n          <h6 style=\"text-align: justify;\">&nbsp; Ewangelie \u015bwiadcz\u0105 o tym, \u017ce Chrystus wielk\u0105 trosk\u0105 otacza\u0142 chorych w ich potrzebach cielesnych i duchowych oraz \u017ce to samo poleci\u0142 czyni\u0107 swoim wiernym. Szczeg\u00f3lnym wyrazem tej troski jest ustanowiony przez Niego, a og\u0142oszony w li\u015bcie \u015bw. Jakuba (por. Jk 5,14-16) sakrament namaszczenia chorych, kt\u00f3rego Ko\u015bci\u00f3\u0142 udziela swoim cz\u0142onkom przez namaszczenie i modlitw\u0119 kap\u0142an\u00f3w.<\/h6>\n          <h6 style=\"text-align: justify;\">&nbsp;Cz\u0142owiek niebezpiecznie chory potrzebuje szczeg\u00f3lnej \u0142aski Bo\u017cej, aby pod wp\u0142ywem l\u0119ku nie upad\u0142 ba duchu i podlegaj\u0105c pokusom nie zachwia\u0142 si\u0119 w wierze. Dlatego Chrystus w sakramencie namaszczenia daje swoim wiernym, dotkni\u0119tych chorob\u0105, pot\u0119\u017cn\u0105 moc i obron\u0119.<\/h6>\n          <h6 style=\"text-align: justify;\">&nbsp;Sakrament ten udziela choremu \u0142aski Ducha \u015awi\u0119tego, kt\u00f3ra umacnia ufno\u015b\u0107 w Bogu, uzbraja przeciw pokusom szatana i trwodze \u015bmierci. Dzi\u0119ki tej pomocy chory mo\u017ce nie tylko znosi\u0107 dolegliwo\u015b\u0107 choroby, ale tak\u017ce je przezwyci\u0119\u017cy\u0107 i odzyska\u0107 zdrowie, je\u017celi jest to po\u017cyteczne dla zbawienia duszy. Je\u017celi jest to potrzebne, namaszczenie odpuszcza grzechy.<\/h6>\n          <h6>\n            <br>\n          <\/h6>\n          <h6 style=\"text-align: justify;\">Sakrament Namaszczenia Chorych nie jest udzielany osobom zmar\u0142ym \u2013 dlatego nale\u017cy pami\u0119ta\u0107, \u017ceby w niebezpiecze\u0144stwie \u015bmierci odpowiednio wcze\u015bnie wezwa\u0107 kap\u0142ana!<\/h6>\n        <\/div>\n      <\/div>\n    <\/section>\n    \n    \n    \n  \n","protected":false},"excerpt":{"rendered":"<p>SAKRAMENT NAMASZCZENIA CHORYCH ,,Przez \u015bwi\u0119te chorych namaszczenie i modlitw\u0119 kap\u0142an\u00f3w ca\u0142y Ko\u015bci\u00f3\u0142 poleca chorych &nbsp;cierpi\u0105cemu i uwielbionemu Panu, aby ich pod\u017awign\u0105\u0142 i zbawi\u0142, a nadto zach\u0119ca ich, aby &nbsp;\u0142\u0105cz\u0105c si\u0119 dobrowolnie z m\u0119k\u0105 i \u015bmierci\u0105 Chrystusa, przysparzali dobra Ludowi Bo\u017cemu&#8221;. &nbsp; (Katechizm Ko\u015bcio\u0142a Katolickiego, Pallottinum 1994, s. 356). &nbsp; Ojciec Proboszcz odwiedza chorych i osoby &hellip; <a href=\"https:\/\/hrubieszow.bernardyni.pl\/index.php\/chorzy\/\" class=\"more-link\">Continue reading<span class=\"screen-reader-text\"> &#8222;Chorzy&#8221;<\/span><\/a><\/p>\n","protected":false},"author":2,"featured_media":0,"parent":0,"menu_order":17,"comment_status":"closed","ping_status":"closed","template":"","meta":{"footnotes":""},"class_list":["post-3086","page","type-page","status-publish","hentry"],"_links":{"self":[{"href":"https:\/\/hrubieszow.bernardyni.pl\/index.php\/wp-json\/wp\/v2\/pages\/3086","targetHints":{"allow":["GET"]}}],"collection":[{"href":"https:\/\/hrubieszow.bernardyni.pl\/index.php\/wp-json\/wp\/v2\/pages"}],"about":[{"href":"https:\/\/hrubieszow.bernardyni.pl\/index.php\/wp-json\/wp\/v2\/types\/page"}],"author":[{"embeddable":true,"href":"https:\/\/hrubieszow.bernardyni.pl\/index.php\/wp-json\/wp\/v2\/users\/2"}],"replies":[{"embeddable":true,"href":"https:\/\/hrubieszow.bernardyni.pl\/index.php\/wp-json\/wp\/v2\/comments?post=3086"}],"version-history":[{"count":0,"href":"https:\/\/hrubieszow.bernardyni.pl\/index.php\/wp-json\/wp\/v2\/pages\/3086\/revisions"}],"wp:attachment":[{"href":"https:\/\/hrubieszow.bernardyni.pl\/index.php\/wp-json\/wp\/v2\/media?parent=3086"}],"curies":[{"name":"wp","href":"https:\/\/api.w.org\/{rel}","templated":true}]}}