{"id":3088,"date":"2023-09-07T13:28:45","date_gmt":"2023-09-07T11:28:45","guid":{"rendered":"https:\/\/hrubieszow.bernardyni.pl\/index.php\/zakon\/"},"modified":"2025-03-24T14:47:26","modified_gmt":"2025-03-24T13:47:26","slug":"zakon","status":"publish","type":"page","link":"https:\/\/hrubieszow.bernardyni.pl\/index.php\/zakon\/","title":{"rendered":"Zakon"},"content":{"rendered":"\n    \n    <section class=\"u-clearfix u-grey-10 u-section-2\" id=\"sec-a95d\">\n      <div class=\"u-clearfix u-sheet u-valign-middle u-sheet-1\">\n        <div class=\"fr-view u-align-center u-clearfix u-rich-text u-text u-text-1\">\n          <h6 style=\"text-align: justify;\"> Zakon Braci Mniejszych sk\u0142ada si\u0119 obecnie z 12660 cz\u0142onk\u00f3w. Zakon sk\u0142ada si\u0119 z 91 prowincji zakonnych w 47 krajach \u015bwiata, tworz\u0105cych 13 konferencji. Bracia s\u0105 obecni w 116 pa\u0144stwach na \u015bwiecie, pos\u0142uguj\u0105c w 1855 domach zakonnych. Ko\u015bci\u00f3\u0142 powierzy\u0142 nam 1746 parafii. Najliczniejsz\u0105 prowincj\u0105 zakonn\u0105 jest Prowincja \u015bw. Antoniego we W\u0142oszech - w jej sk\u0142ad wchodzi 566 braci. Nasz prowincja zajmuje 6 miejsce na \u015bwiecie. &nbsp;W Polsce Zakon Braci Mniejszych posiada 97 dom\u00f3w zakonnych, w kt\u00f3rych \u017cyje 995 zakonnik\u00f3w. Nasza Prowincja Zakonna Niepokalanego Pocz\u0119cia NMP liczy 311 braci. Liczebno\u015b\u0107 pozosta\u0142y czterech prowincji polskich przedstawia si\u0119 nast\u0119puj\u0105co:<\/h6>\n          <h6>Prowincja Wniebowzi\u0119cia NMP - 301 braci;<\/h6>\n          <h6>Prowincja MB Anielskiej - 224 braci;<\/h6>\n          <h6>Prowincja \u015bw. Jadwigi - 211 braci;<\/h6>\n          <h6>Prowincja \u015bw. Franciszka - 190 braci;&nbsp;<\/h6>\n          <h6 style=\"text-align: center;\">&nbsp; Zakon Braci Mniejszych posiada:<\/h6>\n          <h6>4 kardyna\u0142\u00f3w;<\/h6>\n          <h6>20 arcybiskup\u00f3w;<\/h6>\n          <h6>91 biskup\u00f3w;<\/h6>\n          <h6>8595 kap\u0142an\u00f3w;<\/h6>\n        <\/div>\n      <\/div>\n    <\/section>\n    \n    \n    \n  \n","protected":false},"excerpt":{"rendered":"<p>Zakon Braci Mniejszych sk\u0142ada si\u0119 obecnie z 12660 cz\u0142onk\u00f3w. Zakon sk\u0142ada si\u0119 z 91 prowincji zakonnych w 47 krajach \u015bwiata, tworz\u0105cych 13 konferencji. Bracia s\u0105 obecni w 116 pa\u0144stwach na \u015bwiecie, pos\u0142uguj\u0105c w 1855 domach zakonnych. Ko\u015bci\u00f3\u0142 powierzy\u0142 nam 1746 parafii. Najliczniejsz\u0105 prowincj\u0105 zakonn\u0105 jest Prowincja \u015bw. Antoniego we W\u0142oszech &#8211; w jej sk\u0142ad wchodzi &hellip; <a href=\"https:\/\/hrubieszow.bernardyni.pl\/index.php\/zakon\/\" class=\"more-link\">Continue reading<span class=\"screen-reader-text\"> &#8222;Zakon&#8221;<\/span><\/a><\/p>\n","protected":false},"author":2,"featured_media":0,"parent":0,"menu_order":19,"comment_status":"closed","ping_status":"closed","template":"","meta":{"footnotes":""},"class_list":["post-3088","page","type-page","status-publish","hentry"],"_links":{"self":[{"href":"https:\/\/hrubieszow.bernardyni.pl\/index.php\/wp-json\/wp\/v2\/pages\/3088","targetHints":{"allow":["GET"]}}],"collection":[{"href":"https:\/\/hrubieszow.bernardyni.pl\/index.php\/wp-json\/wp\/v2\/pages"}],"about":[{"href":"https:\/\/hrubieszow.bernardyni.pl\/index.php\/wp-json\/wp\/v2\/types\/page"}],"author":[{"embeddable":true,"href":"https:\/\/hrubieszow.bernardyni.pl\/index.php\/wp-json\/wp\/v2\/users\/2"}],"replies":[{"embeddable":true,"href":"https:\/\/hrubieszow.bernardyni.pl\/index.php\/wp-json\/wp\/v2\/comments?post=3088"}],"version-history":[{"count":0,"href":"https:\/\/hrubieszow.bernardyni.pl\/index.php\/wp-json\/wp\/v2\/pages\/3088\/revisions"}],"wp:attachment":[{"href":"https:\/\/hrubieszow.bernardyni.pl\/index.php\/wp-json\/wp\/v2\/media?parent=3088"}],"curies":[{"name":"wp","href":"https:\/\/api.w.org\/{rel}","templated":true}]}}