{"id":3389,"date":"2023-12-18T14:58:12","date_gmt":"2023-12-18T13:58:12","guid":{"rendered":"https:\/\/hrubieszow.bernardyni.pl\/?page_id=3389"},"modified":"2025-03-27T17:22:49","modified_gmt":"2025-03-27T16:22:49","slug":"charyzmat","status":"publish","type":"page","link":"https:\/\/hrubieszow.bernardyni.pl\/index.php\/charyzmat\/","title":{"rendered":"Charyzmat"},"content":{"rendered":"\n    \n    <section class=\"u-clearfix u-lightbox u-section-2\" id=\"sec-f4ad\">\n      <div class=\"u-clearfix u-sheet u-sheet-1\">\n        <div class=\"u-clearfix u-expanded-width u-gutter-0 u-layout-wrap u-layout-wrap-1\">\n          <div class=\"u-gutter-0 u-layout\">\n            <div class=\"u-layout-col\">\n              <div class=\"u-size-20\">\n                <div class=\"u-layout-row\">\n                  <div class=\"u-container-style u-image u-layout-cell u-size-20 u-image-1\" data-image-width=\"1920\" data-image-height=\"1280\" data-animation-name=\"bounceIn\" data-animation-duration=\"1000\" data-animation-direction=\"\" style=\"background-image: url(&quot;http:\/\/hrubieszow.bernardyni.pl\/wp-content\/uploads\/2023\/12\/dw-ofm-17.jpg&quot;);\">\n                    <div class=\"u-container-layout u-valign-middle u-container-layout-1\"><\/div>\n                  <\/div>\n                  <div class=\"u-align-left u-container-style u-layout-cell u-size-20 u-white u-layout-cell-2\">\n                    <div class=\"u-container-layout u-valign-middle u-container-layout-2\">\n                      <h3 class=\"u-align-center u-text u-text-1\">Charyzmat<\/h3>\n                      <p class=\"u-text u-text-2\">\u201eTak\n jak ka\u017cdy dar duchowy, kt\u00f3ry s\u0142u\u017cy zbudowaniu wsp\u00f3lnoty Ko\u015bcio\u0142a, ma \nswoje \u017ar\u00f3d\u0142o w Duchu \u015awi\u0119tym. Rysy \u015bwi\u0119to\u015bci Franciszka z Asy\u017cu \nprzyczyni\u0142y si\u0119 do ukszta\u0142towania charyzmatu franciszka\u0144skiego.\u201d<\/p>\n                    <\/div>\n                  <\/div>\n                  <div class=\"u-container-style u-image u-layout-cell u-size-20 u-image-2\" data-image-width=\"1800\" data-image-height=\"1202\" data-animation-name=\"flipIn\" data-animation-duration=\"1000\" data-animation-direction=\"X\" style=\"background-image: url(&quot;http:\/\/hrubieszow.bernardyni.pl\/wp-content\/uploads\/2023\/12\/charyzmat-cytat.jpg&quot;);\">\n                    <div class=\"u-container-layout u-valign-middle u-container-layout-3\"><\/div>\n                  <\/div>\n                <\/div>\n              <\/div>\n              <div class=\"u-size-20\">\n                <div class=\"u-layout-row\">\n                  <div class=\"u-align-center u-container-style u-layout-cell u-size-20 u-white u-layout-cell-4\">\n                    <div class=\"u-container-layout u-container-layout-4\">\n                      <h3 class=\"u-text u-text-3\">REGU\u0141A<\/h3>\n                      <p class=\"u-text u-text-4\">\n                        <br>\u201eRegu\u0142a\n i \u017cycie braci mniejszych polega na zachowywaniu \u015bwi\u0119tej Ewangelii Pana \nnaszego Jezusa Chrystusa przez \u017cycie w pos\u0142usze\u0144stwie, bez w\u0142asno\u015bci i w\n czysto\u015bci.\u201d \u2013 \u015awi\u0119ty Biedaczyna z Asy\u017cu\u201d\n                      <\/p>\n                    <\/div>\n                  <\/div>\n                  <div class=\"u-align-left u-container-style u-image u-layout-cell u-size-20 u-image-3\" data-image-width=\"1800\" data-image-height=\"1198\" data-animation-name=\"customAnimationIn\" data-animation-duration=\"1000\" style=\"background-image: url(&quot;http:\/\/hrubieszow.bernardyni.pl\/wp-content\/uploads\/2023\/12\/muzeum-lezajsk.jpg&quot;);\">\n                    <div class=\"u-container-layout u-container-layout-5\"><\/div>\n                  <\/div>\n                  <div class=\"u-align-center u-container-style u-layout-cell u-size-20 u-layout-cell-6\">\n                    <div class=\"u-container-layout u-container-layout-6\">\n                      <h3 class=\"u-text u-text-5\">\n                        <span style=\"font-weight: 700;\">ewangelia i krzy\u017c<\/span>\n                      <\/h3>\n                      <p class=\"u-text u-text-6\"> \u201eW centrum \u017cycia jest Jezus i spos\u00f3b \u017cycia, kt\u00f3ry On nam zostawi\u0142 w swojej EWANGELII.<br>Fundamentem\n Dobrej Nowiny jest KRZY\u017b prezentuj\u0105cy mi\u0142o\u015b\u0107 Tego, kto na nim si\u0119 \nofiaruje. Sam str\u00f3j Brata Mniejszego nakierunkowuje na ten zbawczy znak.\n Habit wyobra\u017ca krzy\u017c, przypominaj\u0105c ka\u017cdemu ubranemu w niego, \u017ce \u017cycie \nna\u015bladowcy ma by\u0107 obleczeniem si\u0119 w krzy\u017c.\u201d\n                      <\/p>\n                    <\/div>\n                  <\/div>\n                <\/div>\n              <\/div>\n              <div class=\"u-size-20\">\n                <div class=\"u-layout-row\">\n                  <div class=\"u-align-left u-container-align-center u-container-style u-image u-layout-cell u-size-20 u-image-4\" data-image-width=\"1800\" data-image-height=\"1190\" data-animation-name=\"customAnimationIn\" data-animation-duration=\"1000\" style=\"background-image: url(&quot;http:\/\/hrubieszow.bernardyni.pl\/wp-content\/uploads\/2023\/12\/cytat-glowna-2.jpg&quot;);\">\n                    <div class=\"u-container-layout u-container-layout-7\"><\/div>\n                  <\/div>\n                  <div class=\"u-align-center u-container-style u-layout-cell u-shape-rectangle u-size-20 u-layout-cell-8\">\n                    <div class=\"u-container-layout u-container-layout-8\">\n                      <h3 class=\"u-text u-text-7\"> CHARYZMAT - Istota<\/h3>\n                      <p class=\"u-text u-text-8\"> Brat\n Mniejszy stara si\u0119 wprowadza\u0107 Ewangeli\u0119 w \u017cycie drog\u0105 rad \newangelicznych \u2013 w zgodzie ze z\u0142o\u017conymi \u015blubami. One na\u015bwietlaj\u0105 \nw\u0142a\u015bciw\u0105 drog\u0119 wzrostu w mi\u0142o\u015bci do Boga i drugiego cz\u0142owieka. POS\u0141USZE\u0143STWO uczy przyjmowania nieraz wymagaj\u0105cej woli Boga za swoj\u0105. \u017bycie BEZ W\u0141ASNO\u015aCI pomaga dostrzega\u0107 krucho\u015b\u0107 rzeczy materialnych.<\/p>\n                    <\/div>\n                  <\/div>\n                  <div class=\"u-container-align-center u-container-style u-image u-layout-cell u-size-20 u-image-5\" data-image-width=\"1800\" data-image-height=\"1201\" data-animation-name=\"customAnimationIn\" data-animation-duration=\"1000\" style=\"background-image: url(&quot;http:\/\/hrubieszow.bernardyni.pl\/wp-content\/uploads\/2023\/12\/formacja-kategoria.jpg&quot;);\">\n                    <div class=\"u-container-layout u-container-layout-9\"><\/div>\n                  <\/div>\n                <\/div>\n              <\/div>\n            <\/div>\n          <\/div>\n        <\/div>\n      <\/div>\n    <\/section>\n    <section class=\"u-clearfix u-grey-10 u-section-3\" id=\"sec-ffa2\">\n      <div class=\"u-clearfix u-sheet u-sheet-1\">\n        <div class=\"u-clearfix u-expanded-width u-gutter-0 u-layout-wrap u-layout-wrap-1\">\n          <div class=\"u-gutter-0 u-layout\">\n            <div class=\"u-layout-col\">\n              <div class=\"u-size-60\">\n                <div class=\"u-layout-row\">\n                  <div class=\"u-align-center u-container-style u-layout-cell u-shape-rectangle u-size-20 u-layout-cell-1\">\n                    <div class=\"u-container-layout u-container-layout-1\">\n                      <h3 class=\"u-text u-text-1\">REGU\u0141A <br>\n                      <\/h3>\n                      <p class=\"u-text u-text-2\">\n                        <span style=\"font-size: 0.875rem;\">CZYSTO\u015a\u0106 to odkrywanie pi\u0119kna relacji z drugim cz\u0142owiekiem, w kt\u00f3rej najwa\u017cniejsze s\u0105 warto\u015bci niewidoczne dla oczu.<br>B\u00f3g zbawia we WSP\u00d3LNOCIE,\n dlatego bracia \u017cyj\u0105c razem prowadz\u0105 si\u0119 wsp\u00f3lnie do najistotniejszego \ncelu jakim jest \u015bwi\u0119to\u015b\u0107. Komunia z cz\u0142owiekiem nie jest mo\u017cliwa do \nzrealizowania bez trwania w Komunii z Bogiem. Wyj\u0105tkowa warto\u015b\u0107 EUCHARYSTII\n zaprowadzi\u0142a \u015bw. Franciszka do praktycznego wniosku, \u017ce ka\u017cdy powinien \nznale\u017a\u0107 si\u0119 w r\u0119kach Boga. Komponentem \u017cycia&nbsp; wsp\u00f3lnotowego \n                        <\/span>\n                        <span style=\"font-size: 0.875rem;\">musi sta\u0107 \nsi\u0119 UNI\u017bENIE, bez kt\u00f3rego nie jeste\u015bmy w stanie pozna\u0107 \nprawdy o sobie i swoim miejscu w\u015br\u00f3d ludzi. \u015awi\u0119ty Franciszek dobitnie \nwyra\u017ca to s\u0142owami: Cz\u0142owiek jest tym tylko, czym jest w oczach Boga i \nniczym wi\u0119cej.<\/span>\n                      <\/p>\n                    <\/div>\n                  <\/div>\n                  <div class=\"u-align-left u-container-align-center u-container-style u-image u-layout-cell u-size-20 u-image-1\" data-image-width=\"1800\" data-image-height=\"1202\" data-animation-name=\"customAnimationIn\" data-animation-duration=\"1000\" style=\"background-image: url(&quot;http:\/\/hrubieszow.bernardyni.pl\/wp-content\/uploads\/2023\/12\/urzedy-ewangelizacja.jpg&quot;);\">\n                    <div class=\"u-container-layout u-container-layout-2\"><\/div>\n                  <\/div>\n                  <div class=\"u-align-center u-container-style u-layout-cell u-shape-rectangle u-size-20 u-layout-cell-3\">\n                    <div class=\"u-container-layout u-container-layout-3\">\n                      <h3 class=\"u-text u-text-3\">Pi\u0119kno stworzenia<br>\n                      <\/h3>\n                      <p class=\"u-text u-text-4\"> Zachwyt\n nad pi\u0119knem stworzenia nie mo\u017ce sta\u0107 si\u0119 jedynie sentymentem; pi\u0119kno \nskryte w stworzeniach mobilizuje Brata Mniejszego do wnoszenia swoj\u0105 \nosob\u0105 wsz\u0119dzie, gdziekolwiek nogi go ponios\u0105, pokoju i dobra.<\/p>\n                    <\/div>\n                  <\/div>\n                <\/div>\n              <\/div>\n            <\/div>\n          <\/div>\n        <\/div>\n      <\/div>\n    <\/section>\n    \n    \n    \n  \n","protected":false},"excerpt":{"rendered":"<p>Charyzmat \u201eTak jak ka\u017cdy dar duchowy, kt\u00f3ry s\u0142u\u017cy zbudowaniu wsp\u00f3lnoty Ko\u015bcio\u0142a, ma swoje \u017ar\u00f3d\u0142o w Duchu \u015awi\u0119tym. Rysy \u015bwi\u0119to\u015bci Franciszka z Asy\u017cu przyczyni\u0142y si\u0119 do ukszta\u0142towania charyzmatu franciszka\u0144skiego.\u201d REGU\u0141A \u201eRegu\u0142a i \u017cycie braci mniejszych polega na zachowywaniu \u015bwi\u0119tej Ewangelii Pana naszego Jezusa Chrystusa przez \u017cycie w pos\u0142usze\u0144stwie, bez w\u0142asno\u015bci i w czysto\u015bci.\u201d \u2013 \u015awi\u0119ty Biedaczyna &hellip; <a href=\"https:\/\/hrubieszow.bernardyni.pl\/index.php\/charyzmat\/\" class=\"more-link\">Continue reading<span class=\"screen-reader-text\"> &#8222;Charyzmat&#8221;<\/span><\/a><\/p>\n","protected":false},"author":2,"featured_media":0,"parent":0,"menu_order":0,"comment_status":"closed","ping_status":"closed","template":"","meta":{"footnotes":""},"class_list":["post-3389","page","type-page","status-publish","hentry"],"_links":{"self":[{"href":"https:\/\/hrubieszow.bernardyni.pl\/index.php\/wp-json\/wp\/v2\/pages\/3389","targetHints":{"allow":["GET"]}}],"collection":[{"href":"https:\/\/hrubieszow.bernardyni.pl\/index.php\/wp-json\/wp\/v2\/pages"}],"about":[{"href":"https:\/\/hrubieszow.bernardyni.pl\/index.php\/wp-json\/wp\/v2\/types\/page"}],"author":[{"embeddable":true,"href":"https:\/\/hrubieszow.bernardyni.pl\/index.php\/wp-json\/wp\/v2\/users\/2"}],"replies":[{"embeddable":true,"href":"https:\/\/hrubieszow.bernardyni.pl\/index.php\/wp-json\/wp\/v2\/comments?post=3389"}],"version-history":[{"count":0,"href":"https:\/\/hrubieszow.bernardyni.pl\/index.php\/wp-json\/wp\/v2\/pages\/3389\/revisions"}],"wp:attachment":[{"href":"https:\/\/hrubieszow.bernardyni.pl\/index.php\/wp-json\/wp\/v2\/media?parent=3389"}],"curies":[{"name":"wp","href":"https:\/\/api.w.org\/{rel}","templated":true}]}}