{"id":3675,"date":"2024-06-06T13:19:37","date_gmt":"2024-06-06T11:19:37","guid":{"rendered":"https:\/\/hrubieszow.bernardyni.pl\/?page_id=3675"},"modified":"2026-04-17T14:38:44","modified_gmt":"2026-04-17T12:38:44","slug":"ogloszenia","status":"publish","type":"page","link":"https:\/\/hrubieszow.bernardyni.pl\/index.php\/ogloszenia\/","title":{"rendered":"Og\u0142oszenia"},"content":{"rendered":"\n    \n    <section class=\"u-clearfix u-grey-5 u-lightbox u-section-2\" id=\"carousel_4765\">\n      <div class=\"u-clearfix u-sheet u-sheet-1\">\n        <h3 class=\"u-align-center u-text u-text-1\"> Standardy ochrony dzieci w duszpasterstwie parafialnym<\/h3>\n        <img decoding=\"async\" class=\"u-align-center u-image u-image-contain u-image-default u-image-1\" src=\"https:\/\/hrubieszow.bernardyni.pl\/wp-content\/uploads\/2025\/03\/standardy-1.jpg\" alt=\"\" data-image-width=\"801\" data-image-height=\"1118\" data-animation-name=\"customAnimationIn\" data-animation-duration=\"1000\" data-animation-delay=\"0\">\n      <\/div>\n    <\/section>\n    <section class=\"u-clearfix u-grey-5 u-lightbox u-section-3\" id=\"sec-4607\">\n      <div class=\"u-clearfix u-sheet u-sheet-1\">\n        <h3 class=\"u-align-center u-text u-text-1\"> Informacji z otwarcia ofert<\/h3>\n        <img decoding=\"async\" class=\"u-image u-image-contain u-image-default u-image-1\" src=\"https:\/\/hrubieszow.bernardyni.pl\/wp-content\/uploads\/2024\/09\/Informacja_z_otwarcia_ofert-w.-Kostki.jpg\" alt=\"\" data-image-width=\"1654\" data-image-height=\"2339\">\n      <\/div>\n    <\/section>\n    <section class=\"u-clearfix u-section-4\" id=\"sec-f538\">\n      <div class=\"u-clearfix u-sheet u-valign-middle u-sheet-1\">\n        <h3 class=\"u-align-center u-text u-text-default u-text-1\">Og\u0142oszenie o post\u0119powaniu na udzielenie zam\u00f3wienia na prace budowlane pn.\"<br>Roboty budowlane przy zabytku \u2013 Ko\u015bcio\u0142a p.w. \u015bw. Stanis\u0142awa Kostki w Hrubieszowie&nbsp;dofinansowanego z Rz\u0105dowego Programu Odbudowy Zabytk\u00f3w<br>\n          <br>\n        <\/h3>\n        <p class=\"u-align-left u-text u-text-2\"> Przedmiotem zam\u00f3wienia jest wykonanie remontu elewacji frontowej i schod\u00f3w&nbsp;zewn\u0119trznych w obiekcie ko\u015bcio\u0142a parafialnego pw. \u015aw. Stanis\u0142awa Kostki. Budynek ko\u015bcio\u0142a usytuowany jest na wzniesieniu opadaj\u0105cym stromo od strony p\u00f3\u0142nocnej ku dolinie&nbsp;Huczwy.. Budynek zosta\u0142 wzniesiony na prze\u0142omie XVIII i XIX w. utrzymany w stylu barokowo-klasycystycznym. Obiekt jest wpisany do rejestru zabytk\u00f3w Wojew\u00f3dzkiego&nbsp;Konserwatora Zabytk\u00f3w w Lublinie pod nr A\/327. Budynek znajduje si\u0119 w lokalizacji obr\u0119b \u015ar\u00f3dmie\u015bcie na dzia\u0142kach nr 289, 295.<br>\n          <br>Zamawiaj\u0105cy zgodnie z pkt 6 ust. 2 zapytania ofertowego w celu ujednolicenia dokument\u00f3w dokona\u0142 zmiany w dokumentach do post\u0119powania i zwi\u0105zku z powy\u017cszym wyd\u0142u\u017cy\u0142 termin sk\u0142adania ofert do 15 lipca 2024 roku. Dokumenty po&nbsp;wprowadzonych zmianach znajduj\u0105 si\u0119 na stronie Zamawiaj\u0105cego z dopiskiem \u201ePO&nbsp;ZMIANACH\u201d.<br>\n          <br>Za\u0142\u0105czniki do pobrania:\n        <\/p>\n        <ul class=\"u-align-left u-text u-text-3\">\n          <a class=\"u-btn u-button-style u-hover-palette-1-dark-1 u-palette-1-base u-btn-1\" href=\"https:\/\/hrubieszow.bernardyni.pl\/wp-content\/uploads\/2024\/06\/Zalacznik-nr-1-opis-przedmiotu-zamowieniaStanislawa-kostki-1.pdf\">\n            <li style=\"\">Za\u0142\u0105cznik nr 1 - Opis Przedmiotu Zam\u00f3wienia<\/li>\n          <\/a>\n        <\/ul>\n        <ul class=\"u-align-left u-text u-text-4\">\n          <a class=\"u-btn u-button-style u-hover-palette-1-dark-1 u-palette-1-base u-btn-2\" href=\"https:\/\/hrubieszow.bernardyni.pl\/wp-content\/uploads\/2024\/06\/Zalacznik-2-formularz-ofertowy2-2.pdf\">\n            <li> Za\u0142\u0105cznik nr 2 - Formularz ofertowy<\/li>\n          <\/a>\n        <\/ul>\n        <ul class=\"u-align-left u-text u-text-5\">\n          <a class=\"u-btn u-button-style u-hover-palette-1-dark-1 u-palette-1-base u-btn-3\" href=\"https:\/\/hrubieszow.bernardyni.pl\/wp-content\/uploads\/2024\/06\/Zalacznik-3-oswiadczenie-wykonawcy-o-spelnieniu-warunkow-udzialu-w-postepowaniu2-2.pdf\">Za\u0142\u0105cznik nr 3 - O\u015bwiadczenie wykonawcy o spe\u0142nieniu warunk\u00f3w udzia\u0142u w post\u0119powaniu<\/a>\n        <\/ul>\n        <ul class=\"u-align-left u-text u-text-6\">\n          <a class=\"u-btn u-button-style u-hover-palette-1-dark-1 u-palette-1-base u-btn-4\" href=\"https:\/\/hrubieszow.bernardyni.pl\/wp-content\/uploads\/2024\/06\/Zalacznik-4-oswiadczenie-o-braku-powiazan-kapitalowych-i-osobowych2-2.pdf\">Za\u0142\u0105cznik nr 4 - O\u015bwiadczenie o braku powi\u0105za\u0144 kapita\u0142owych i osobowych<\/a>\n        <\/ul>\n        <ul class=\"u-align-left u-text u-text-7\">\n          <a class=\"u-btn u-button-style u-hover-palette-1-dark-1 u-palette-1-base u-btn-5\" href=\"https:\/\/hrubieszow.bernardyni.pl\/wp-content\/uploads\/2024\/06\/Zalacznik-5-zestawienie-wykonanych-robot2-2.pdf\">Za\u0142\u0105cznik nr 5 - Zestawienie wykonanych rob\u00f3t<\/a>\n        <\/ul>\n        <ul class=\"u-align-left u-text u-text-8\">\n          <a class=\"u-btn u-button-style u-hover-palette-1-dark-1 u-palette-1-base u-btn-6\" href=\"https:\/\/hrubieszow.bernardyni.pl\/wp-content\/uploads\/2024\/06\/Zalacznik-6-wykaz-osob-skierowan-ych-do-realizacji-zamowienia2-3.pdf\">Za\u0142\u0105cznik nr 6 - Wykaz os\u00f3b skierowanych do realizacji zam\u00f3wienia<\/a>\n        <\/ul>\n        <ul class=\"u-align-left u-text u-text-9\">\n          <a class=\"u-btn u-button-style u-hover-palette-1-dark-1 u-palette-1-base u-btn-7\" href=\"https:\/\/hrubieszow.bernardyni.pl\/wp-content\/uploads\/2024\/06\/Zalacznik-nr-7-projekt-umowy-2.pdf\">Za\u0142\u0105cznik nr 7 - Projekt umowy<\/a>\n        <\/ul>\n        <ul class=\"u-align-left u-text u-text-10\">\n          <a class=\"u-btn u-button-style u-hover-palette-1-dark-1 u-palette-1-base u-btn-8\" href=\"https:\/\/hrubieszow.bernardyni.pl\/wp-content\/uploads\/2024\/06\/Zapytanie-ofertowe-matki-boskiej-nieustajacej-pomocy.pdf\">Zapytanie ofertowe<\/a>\n        <\/ul>\n        <ul class=\"u-align-left u-text u-text-11\">\n          <a class=\"u-btn u-button-style u-hover-palette-1-dark-1 u-palette-1-base u-btn-9\" href=\"https:\/\/hrubieszow.bernardyni.pl\/wp-content\/uploads\/2024\/06\/Dokumentacja-projektowa-1.pdf\">Dokumentacja projektowa cz. 1<\/a>\n        <\/ul>\n        <ul class=\"u-align-left u-text u-text-12\">\n          <a class=\"u-btn u-button-style u-hover-palette-1-dark-1 u-palette-1-base u-btn-10\" href=\"https:\/\/hrubieszow.bernardyni.pl\/wp-content\/uploads\/2024\/06\/Dokumentacja-projektowa-2.pdf\">Dokumentacja projektowa cz. 2<\/a>\n        <\/ul>\n        <ul class=\"u-align-left u-text u-text-13\">\n          <a class=\"u-btn u-button-style u-hover-palette-1-dark-1 u-palette-1-base u-btn-11\" href=\"https:\/\/hrubieszow.bernardyni.pl\/wp-content\/uploads\/2024\/06\/Dokumentacja-projektowa-3.pdf\">Dokumentacja projektowa cz. 3<\/a>\n        <\/ul>\n        <ul class=\"u-align-left u-text u-text-14\">\n          <a class=\"u-btn u-button-style u-hover-palette-1-dark-1 u-palette-1-base u-btn-12\" href=\"https:\/\/hrubieszow.bernardyni.pl\/wp-content\/uploads\/2024\/06\/Przedmiar.pdf\">Przedmiar<\/a>\n        <\/ul>\n        <ul class=\"u-align-left u-text u-text-15\">\n          <a class=\"u-btn u-button-style u-hover-palette-1-dark-1 u-palette-1-base u-btn-13\" href=\"https:\/\/hrubieszow.bernardyni.pl\/wp-content\/uploads\/2024\/06\/Przedmiar.pdf\">Przedmiar<\/a>\n        <\/ul>\n        <ul class=\"u-align-left u-text u-text-16\">\n          <a class=\"u-btn u-button-style u-hover-palette-1-dark-1 u-palette-1-base u-btn-14\" href=\"https:\/\/hrubieszow.bernardyni.pl\/wp-content\/uploads\/2024\/06\/Decyzje-i-pozwolenia.pdf\">Decyzje i pozwolenia<\/a>\n        <\/ul>\n        <p class=\"u-align-left u-text u-text-17\">Za\u0142\u0105czniki <span style=\"font-weight: 700;\">PO ZMIANACH:<\/span>\n        <\/p>\n        <ul class=\"u-align-left u-text u-text-18\">\n          <a class=\"u-btn u-button-style u-hover-palette-1-dark-1 u-palette-1-base u-btn-15\" href=\"https:\/\/hrubieszow.bernardyni.pl\/wp-content\/uploads\/2024\/06\/Informacja-o-zmiach-w-dokumentacj-do-postepowania.pdf\">Informacja o zmianach<br>\n          <\/a>\n        <\/ul>\n        <ul class=\"u-align-left u-text u-text-19\">\n          <a class=\"u-btn u-button-style u-hover-palette-1-dark-1 u-palette-1-base u-btn-16\" href=\"https:\/\/hrubieszow.bernardyni.pl\/wp-content\/uploads\/2024\/06\/Dokumentacja-projektowa-3.pdf\">Dokumentacja projektowa cz.3 - Po zmianach<br>\n          <\/a>\n        <\/ul>\n        <ul class=\"u-align-left u-text u-text-20\">\n          <a class=\"u-btn u-button-style u-hover-palette-1-dark-1 u-palette-1-base u-btn-17\" href=\"https:\/\/hrubieszow.bernardyni.pl\/wp-content\/uploads\/2024\/06\/Zapytanie-ofertowe-matki-boskiej-nieustajacej-pomocy-\u2014-PO-ZMIANACH.pdf\">Zapytanie ofertowe - PO ZMIANACH<br>\n          <\/a>\n        <\/ul>\n        <ul class=\"u-align-left u-text u-text-21\">\n          <a class=\"u-btn u-button-style u-hover-palette-1-dark-1 u-palette-1-base u-btn-18\" href=\"https:\/\/hrubieszow.bernardyni.pl\/wp-content\/uploads\/2024\/06\/Zalacznik-nr-1-PO-ZMIANACH-opis-przedmiotu-zamowieniaStanislawa-kostki.pdf\">Za\u0142\u0105cznik nr 1 - Opis Przedmiotu Zam\u00f3wienia PO ZMIANACH<br>\n          <\/a>\n        <\/ul>\n        <ul class=\"u-align-left u-text u-text-22\">\n          <a class=\"u-btn u-button-style u-hover-palette-1-dark-1 u-palette-1-base u-btn-19\" href=\"https:\/\/hrubieszow.bernardyni.pl\/wp-content\/uploads\/2024\/06\/Zalacznik-2-PO-ZMIANACH-formularz-ofertowy2.pdf\">Za\u0142\u0105cznik nr 2 - Formularz Ofertowy PO ZMIANACH<br>\n          <\/a>\n        <\/ul>\n        <ul class=\"u-align-left u-text u-text-23\">\n          <a class=\"u-btn u-button-style u-hover-palette-1-dark-1 u-palette-1-base u-btn-20\" href=\"https:\/\/hrubieszow.bernardyni.pl\/wp-content\/uploads\/2024\/06\/Zalacznik-6-PO-ZMIANACH-wykaz-osob-skierowan-ych-do-realizacji-zamowienia2.pdf\">Za\u0142\u0105cznik nr 6 - Wykaz os\u00f3b do skierowanych do realizacji zam\u00f3wienia PO ZMIANACH<br>\n          <\/a>\n        <\/ul>\n        <ul class=\"u-align-left u-text u-text-24\">\n          <a class=\"u-btn u-button-style u-hover-palette-1-dark-1 u-palette-1-base u-btn-21\" href=\"https:\/\/hrubieszow.bernardyni.pl\/wp-content\/uploads\/2024\/06\/Zalacznik-nr-7-projekt-umowy-6.pdf\">Za\u0142\u0105cznik nr 7 - Projekt Umowy PO ZMIANACH<br>\n          <\/a>\n        <\/ul>\n      <\/div>\n    <\/section>\n    <section class=\"u-clearfix u-grey-5 u-section-5\" id=\"carousel_4bb8\">\n      <div class=\"u-clearfix u-sheet u-sheet-1\">\n        <h3 class=\"u-text u-text-1\">Wyb\u00f3r wykonawcy<br>\n        <\/h3>\n        <p class=\"u-text u-text-2\"> Zamawiaj\u0105cy Parafia Rzymskokatolicka p.w. \u015bw. Stanis\u0142awa Kostki, 22-500 Hrubiesz\u00f3w, Plac<br>Staszica 6, informuje, \u017ce dokonano wyboru najkorzystniejszej oferty w ww. post\u0119powaniu.\n        <\/p>\n        <ul class=\"u-align-left u-text u-text-3\">\n          <a class=\"u-btn u-button-style u-hover-palette-1-dark-1 u-palette-1-base u-btn-1\" href=\"https:\/\/hrubieszow.bernardyni.pl\/wp-content\/uploads\/2024\/07\/Parafia_sw._St._Kostki_wybor_wykonawcy.pdf\">Informacja o wyborze wykonawcy<br>\n          <\/a>\n        <\/ul>\n      <\/div>\n    <\/section>\n    \n    \n    \n  \n","protected":false},"excerpt":{"rendered":"<p>Standardy ochrony dzieci w duszpasterstwie parafialnym Informacji z otwarcia ofert Og\u0142oszenie o post\u0119powaniu na udzielenie zam\u00f3wienia na prace budowlane pn.&#8221;Roboty budowlane przy zabytku \u2013 Ko\u015bcio\u0142a p.w. \u015bw. Stanis\u0142awa Kostki w Hrubieszowie&nbsp;dofinansowanego z Rz\u0105dowego Programu Odbudowy Zabytk\u00f3w Przedmiotem zam\u00f3wienia jest wykonanie remontu elewacji frontowej i schod\u00f3w&nbsp;zewn\u0119trznych w obiekcie ko\u015bcio\u0142a parafialnego pw. \u015aw. Stanis\u0142awa Kostki. Budynek ko\u015bcio\u0142a &hellip; <a href=\"https:\/\/hrubieszow.bernardyni.pl\/index.php\/ogloszenia\/\" class=\"more-link\">Continue reading<span class=\"screen-reader-text\"> &#8222;Og\u0142oszenia&#8221;<\/span><\/a><\/p>\n","protected":false},"author":1,"featured_media":0,"parent":0,"menu_order":0,"comment_status":"closed","ping_status":"closed","template":"","meta":{"footnotes":""},"class_list":["post-3675","page","type-page","status-publish","hentry"],"_links":{"self":[{"href":"https:\/\/hrubieszow.bernardyni.pl\/index.php\/wp-json\/wp\/v2\/pages\/3675","targetHints":{"allow":["GET"]}}],"collection":[{"href":"https:\/\/hrubieszow.bernardyni.pl\/index.php\/wp-json\/wp\/v2\/pages"}],"about":[{"href":"https:\/\/hrubieszow.bernardyni.pl\/index.php\/wp-json\/wp\/v2\/types\/page"}],"author":[{"embeddable":true,"href":"https:\/\/hrubieszow.bernardyni.pl\/index.php\/wp-json\/wp\/v2\/users\/1"}],"replies":[{"embeddable":true,"href":"https:\/\/hrubieszow.bernardyni.pl\/index.php\/wp-json\/wp\/v2\/comments?post=3675"}],"version-history":[{"count":1,"href":"https:\/\/hrubieszow.bernardyni.pl\/index.php\/wp-json\/wp\/v2\/pages\/3675\/revisions"}],"predecessor-version":[{"id":5196,"href":"https:\/\/hrubieszow.bernardyni.pl\/index.php\/wp-json\/wp\/v2\/pages\/3675\/revisions\/5196"}],"wp:attachment":[{"href":"https:\/\/hrubieszow.bernardyni.pl\/index.php\/wp-json\/wp\/v2\/media?parent=3675"}],"curies":[{"name":"wp","href":"https:\/\/api.w.org\/{rel}","templated":true}]}}