{"id":3912,"date":"2024-07-24T14:01:37","date_gmt":"2024-07-24T12:01:37","guid":{"rendered":"https:\/\/hrubieszow.bernardyni.pl\/?page_id=3912"},"modified":"2025-12-09T22:13:35","modified_gmt":"2025-12-09T21:13:35","slug":"wspolnoty","status":"publish","type":"page","link":"https:\/\/hrubieszow.bernardyni.pl\/index.php\/wspolnoty\/","title":{"rendered":"Wsp\u00f3lnoty"},"content":{"rendered":"\n    \n    <section class=\"u-align-center u-clearfix u-container-align-center u-section-2\" id=\"sec-3b33\">\n      <div class=\"u-clearfix u-sheet u-valign-bottom-xl u-valign-middle-lg u-valign-middle-md u-valign-middle-sm u-valign-middle-xs u-sheet-1\">\n        <h1 class=\"u-text u-text-default u-text-1\">Wsp\u00f3lnoty<\/h1>\n        <div class=\"fr-view u-clearfix u-rich-text u-text u-text-2\">\n          <h4 id=\"isPasted\"><span class=\"u-text-custom-color-5\" style=\"font-weight: 700;\">Przy Sanktuarium Matki Bo\u017cej Sokalskiej istniej\u0105:<\/span>\n          <\/h4>\n          <h4 align=\"justify\"><span style=\"font-weight: 700;\">Franciszka\u0144ski Zakon \u015awieckich<\/span> \u2013 II niedziela m-ca Msza \u015bwi\u0119ta o godz. 11.00 i spotkanie - opiekun&nbsp;\n          <\/h4>\n          <h4 align=\"justify\">O. Juliusz<\/h4>\n          <h4 align=\"justify\"><span style=\"font-weight: 700;\">Grupa \u017bywego R\u00f3\u017ca\u0144ca<\/span> \u2013 ostatnia niedziela m-ca Msza \u015bwi\u0119ta o godz. 9.00 i zmiana tajemnic r\u00f3\u017ca\u0144cowych - opiekun O. Bruno\n          <\/h4>\n          <h4 align=\"justify\"><span style=\"font-weight: 700;\">Wsp\u00f3lnota Fatimska<\/span> \u2013 spotkania w ostatni czwartek m-ca - opiekun O. Juliusz\n          <\/h4>\n          <h4 align=\"justify\"><span style=\"font-weight: 700;\">Grupa Biblijna<\/span> \u2013 wtorek po Mszy \u015bwi\u0119tej wieczornej - opiekun O. Oktawian\n          <\/h4>\n          <h4 align=\"justify\"><span style=\"font-weight: 700;\">Liturgiczna S\u0142u\u017cba O\u0142tarza<\/span> \u2013 spotkania w sobot\u0119 o godz. 9.00 - opiekun O. Juliusz\n          <\/h4>\n          <h4 align=\"justify\"><span style=\"font-weight: 700;\">Schola skupiaj\u0105ca dzieci i m\u0142odzie\u017c<\/span> \u2013 spotkania w niedziel\u0119 o godz. 13.00 - opiekun Pani Karina \u2013 organistka\n          <\/h4>\n        <\/div>\n      <\/div>\n    <\/section>\n    \n    \n    \n  \n","protected":false},"excerpt":{"rendered":"<p>Wsp\u00f3lnoty Przy Sanktuarium Matki Bo\u017cej Sokalskiej istniej\u0105: Franciszka\u0144ski Zakon \u015awieckich \u2013 II niedziela m-ca Msza \u015bwi\u0119ta o godz. 11.00 i spotkanie &#8211; opiekun&nbsp; O. Juliusz Grupa \u017bywego R\u00f3\u017ca\u0144ca \u2013 ostatnia niedziela m-ca Msza \u015bwi\u0119ta o godz. 9.00 i zmiana tajemnic r\u00f3\u017ca\u0144cowych &#8211; opiekun O. Bruno Wsp\u00f3lnota Fatimska \u2013 spotkania w ostatni czwartek m-ca &#8211; opiekun &hellip; <a href=\"https:\/\/hrubieszow.bernardyni.pl\/index.php\/wspolnoty\/\" class=\"more-link\">Continue reading<span class=\"screen-reader-text\"> &#8222;Wsp\u00f3lnoty&#8221;<\/span><\/a><\/p>\n","protected":false},"author":2,"featured_media":0,"parent":0,"menu_order":0,"comment_status":"closed","ping_status":"closed","template":"","meta":{"footnotes":""},"class_list":["post-3912","page","type-page","status-publish","hentry"],"_links":{"self":[{"href":"https:\/\/hrubieszow.bernardyni.pl\/index.php\/wp-json\/wp\/v2\/pages\/3912","targetHints":{"allow":["GET"]}}],"collection":[{"href":"https:\/\/hrubieszow.bernardyni.pl\/index.php\/wp-json\/wp\/v2\/pages"}],"about":[{"href":"https:\/\/hrubieszow.bernardyni.pl\/index.php\/wp-json\/wp\/v2\/types\/page"}],"author":[{"embeddable":true,"href":"https:\/\/hrubieszow.bernardyni.pl\/index.php\/wp-json\/wp\/v2\/users\/2"}],"replies":[{"embeddable":true,"href":"https:\/\/hrubieszow.bernardyni.pl\/index.php\/wp-json\/wp\/v2\/comments?post=3912"}],"version-history":[{"count":2,"href":"https:\/\/hrubieszow.bernardyni.pl\/index.php\/wp-json\/wp\/v2\/pages\/3912\/revisions"}],"predecessor-version":[{"id":5019,"href":"https:\/\/hrubieszow.bernardyni.pl\/index.php\/wp-json\/wp\/v2\/pages\/3912\/revisions\/5019"}],"wp:attachment":[{"href":"https:\/\/hrubieszow.bernardyni.pl\/index.php\/wp-json\/wp\/v2\/media?parent=3912"}],"curies":[{"name":"wp","href":"https:\/\/api.w.org\/{rel}","templated":true}]}}