{"id":3977,"date":"2024-07-24T14:36:14","date_gmt":"2024-07-24T12:36:14","guid":{"rendered":"https:\/\/hrubieszow.bernardyni.pl\/?page_id=3977"},"modified":"2025-03-24T14:45:29","modified_gmt":"2025-03-24T13:45:29","slug":"modlitwy","status":"publish","type":"page","link":"https:\/\/hrubieszow.bernardyni.pl\/index.php\/modlitwy\/","title":{"rendered":"Modlitwy"},"content":{"rendered":"\n    \n    <section class=\"u-align-center u-clearfix u-container-align-center u-section-2\" id=\"sec-831c\">\n      <div class=\"u-clearfix u-sheet u-sheet-1\">\n        <h1 class=\"u-text u-text-default u-text-1\">Nowenna do Matki Bo\u017cej Sokalskiej<br>\n        <\/h1>\n      <\/div>\n    <\/section>\n    <section class=\"u-clearfix u-section-3\" id=\"sec-5c27\">\n      <div class=\"u-clearfix u-sheet u-valign-middle u-sheet-1\">\n        <div class=\"fr-view u-align-center u-clearfix u-rich-text u-text u-text-1\">\n          <h6 id=\"isPasted\" style=\"line-height: 100%; margin-left: 0.08cm; margin-bottom: 0cm; background: #ffffff; page-break-before: always;\">\n            <br>\n          <\/h6>\n          <h6>I. MODLITWA WST\u0118PNA:<\/h6>\n          <h6 align=\"center\" style=\"line-height: 100%; margin-left: 0.08cm; margin-bottom: 0cm; background: #ffffff;\">\n            <br>\n          <\/h6>\n          <h6>Pokorna Pro\u015bba i Polecenie si\u0119 Macierzy\u0144skiej Opiece<\/h6>\n          <h6>w Cudownym Obrazie Sokalskim Naj\u015bwi\u0119tszej Maryi Pannie<\/h6>\n          <h6>Najczystsza, Niepokalana Panno, najmi\u0142osierniejsza Matko nasza, jedyna ozdobo kraj\u00f3w polskich, a osobliwie Wo\u0142y\u0144skiej, Sokalskiej i Hrubieszowskiej ziemi Dziedziczko. Pociecho wszystkich do Ciebie si\u0119 uciekaj\u0105cych, cudowna w Obrazie Sokalskim Panno Maryjo!&nbsp;<\/h6>\n          <h6>Oto dzisiaj z ufno\u015bci\u0105 wielk\u0105 do Twoich Kr\u00f3lowo nieba i ziemi st\u00f3p upad\u0142szy, \u017cebrz\u0119, by\u015b mnie z Twej macierzy\u0144skiej nie wypuszcza\u0142a opieki. Nie odrzucaj ufaj\u0105cego w Tobie, nie gard\u017a pro\u015bbami moimi najlito\u015bciwsza Matko, bo przecie\u017c \u201eod wiek\u00f3w nie s\u0142yszano, aby ktokolwiek do Ciebie si\u0119 uciekaj\u0105c, Twej opieki wzywaj\u0105c, od Ciebie mia\u0142 by\u0107 opuszczony.\u201d&nbsp;<\/h6>\n          <h6>Nieczu\u0142e serce moje zmi\u0119kcz, do obfitych pokutnych \u0142ez i \u017calu nak\u0142o\u0144. W ka\u017cdym ucisku, w ka\u017cdym utrapieniu wielow\u0142adn\u0105 Sw\u0105 pomoc\u0105 ratuj i racz zawsze na tym \u015bwi\u0119tym miejscu kornych pr\u00f3\u015bb moich wys\u0142ucha\u0107.&nbsp;<\/h6>\n          <h6>Wszechw\u0142adn\u0105 Tw\u0105 moc wys\u0142awiali umarli, kt\u00f3rych przed Twym \u015bwi\u0119tym Obrazem wskrzesi\u0142a\u015b. S\u0142awili Imi\u0119 Twoje, topi\u0105cy si\u0119 w falach Bugu, kt\u00f3rych wybawi\u0142a\u015b. B\u0142ogos\u0142awi\u0105 Ci\u0119 kalecy i chorzy, kt\u00f3rym zdrowie wr\u00f3ci\u0142a\u015b. Wy\u015bpiewuj\u0105 dzi\u0119ki nieszcz\u0119\u015bliwi, kt\u00f3rych pocieszy\u0142a\u015b.&nbsp;<\/h6>\n          <h6>Ty, o Matko Sokalska we wszystkich potrzebach, tak duszy jak i cia\u0142a ufno\u015bci w Tobie po\u0142o\u017conej nigdy nie zawiod\u0142a\u015b. Ot\u00f3\u017c i ja n\u0119dzny grzesznik obieram sobie dzi\u015b Ciebie Niepokalana Dziewico za Kr\u00f3low\u0105 i Pani\u0105 moj\u0105 i oddaj\u0119 w Tw\u0105 opiek\u0119 \u017cycie moje, serce i dusz\u0119. B\u0105d\u017a mi mi\u0142o\u015bciw\u0105 Matk\u0105 w cudownym Sokalskim Obrazie, o Naj\u015bwi\u0119tsza Panienko Maryjo! Amen.&nbsp;<\/h6>\n          <h6>\n            <span style=\"line-height: 2.0;\">\n              <br>\n              <img decoding=\"async\" src=\"https:\/\/hrubieszow.bernardyni.pl\/wp-content\/uploads\/2024\/07\/obraz.png\" align=\"middle\" style=\"width: 667px;\" class=\"fr-dib fr-fic\" width=\"373\">\n            <\/span>\n          <\/h6>\n          <h6 id=\"isPasted\">II. PODZI\u0118KOWANIA I PRO\u015aBY:<\/h6>\n          <h6>O Pani Sokalska! Do skarbca modlitw naszych przodk\u00f3w, pragniemy do\u0142\u0105czy\u0107 teraz z dzieci\u0119c\u0105 ufno\u015bci\u0105 nasze w\u0142asne dzi\u0119kczynienia, pro\u015bby i b\u0142agania \u2013 a Ty o Matko us\u0142ysz je i \u0142askawie wys\u0142uchaj:&nbsp;<\/h6>\n          <h6>Po odczytaniu indywidualnych intencji Celebrans dodaje intencje wsp\u00f3lne, np.:<\/h6>\n          <h6>M\u00d3DLMY SI\u0118: w intencjach Ojca \u015awi\u0119tego, biskup\u00f3w, kap\u0142an\u00f3w oraz os\u00f3b Bogu po\u015bwi\u0119conych w \u017cyciu zakonnym, o nowe powo\u0142ania do s\u0142u\u017cby w Ko\u015bciele, o pok\u00f3j mi\u0119dzy narodami, w intencji Ojczyzny, naszego miasta i jego mieszka\u0144c\u00f3w, w intencji naszej parafii, sanktuarium i klasztoru, naszej zakonnej Prowincji oo. Bernardyn\u00f3w, ca\u0142ego naszego franciszka\u0144skiego Zakonu, naszych ojc\u00f3w misjonarzy, naszego WSD w Kalwarii Zebrzydowskiej oraz WSD naszej Zamojsko-Lubaczowskiej Diecezji; w intencji kap\u0142an\u00f3w i si\u00f3str zakonnych pracuj\u0105cych w naszym mie\u015bcie; za grupy apostolskie i modlitewne dzia\u0142aj\u0105ce przy naszym sanktuarium i parafii (FZ\u015a, Rodzin\u0119 \u017bywego R\u00f3\u017ca\u0144ca, Grup\u0119 Biblijn\u0105, Wsp\u00f3lnot\u0119 Fatimsk\u0105, ch\u00f3r, ministrant\u00f3w); polecajmy nasze rodziny, rodzic\u00f3w, dzieci, m\u0142odzie\u017c, osoby starsze, chore i samotne, m\u00f3dlmy si\u0119 w intencji wszystkich zwracaj\u0105cych si\u0119 do naszego Sanktuarium z pro\u015bb\u0105 o modlitw\u0119 listownie i poprzez internetow\u0105 Skrzynk\u0119 Intencji, pro\u015bmy za pielgrzym\u00f3w i turyst\u00f3w nawiedzaj\u0105cych nasze sanktuarium, za wszystkich czcicieli Matki Bo\u017cej Sokalskiej, za Fundator\u00f3w i Dobrodziej\u00f3w tej \u015bwi\u0105tyni oraz Sanktuarium Sokalskiego... poda\u0107 inne aktualne intencje, (np.: o deszcz, o s\u0142o\u0144ce, za ofiary kataklizm\u00f3w i wypadk\u00f3w...)&nbsp;<\/h6>\n          <ul>\n            <li>\n              <h6>Pod Twoj\u0105 obron\u0119... lub Pomnij, o Naj\u015bwi\u0119tsza Panno Maryjo...<\/h6>\n            <\/li>\n          <\/ul>\n          <h6 style=\"line-height: 100%; text-indent: 1.24cm; margin-left: 0.01cm; margin-top: 0.42cm; margin-bottom: 0cm; background: #ffffff;\">\n            <br>\n          <\/h6>\n          <h6>III. MODLITWY DIALOGOWE:<\/h6>\n          <h6>O Matko Pocieszenia! Pom\u00f3\u017c nam tak\u017ce przezwyci\u0119\u017cy\u0107 groz\u0119 z\u0142a, kt\u00f3re tak \u0142atwo zakorzenia si\u0119 w sercach wsp\u00f3\u0142czesnych ludzi \u2013 z\u0142a, kt\u00f3re w swych niewymiernych skutkach ci\u0105\u017cy ju\u017c nad nasz\u0105 wsp\u00f3\u0142czesno\u015bci\u0105 i zdaje si\u0119 zamyka\u0107 drogi ku przysz\u0142o\u015bci! Przyjmij o Matko Chrystusowa to wo\u0142anie. Pom\u00f3\u017c nam moc\u0105 Ducha \u015awi\u0119tego przezwyci\u0119\u017cy\u0107 wszelki grzech: grzech cz\u0142owieka i \u201egrzech \u015bwiata\u201d, grzech w ka\u017cdej jego postaci. Niech jeszcze raz objawi si\u0119 w dziejach \u015bwiata niesko\u0144czona zbawcza pot\u0119ga odkupienia: pot\u0119ga Mi\u0142o\u015bci mi\u0142osiernej! Dlatego pe\u0142ni ufno\u015bci wo\u0142amy do Ciebie:<\/h6>\n          <ul>\n            <li>\n              <h6>Od g\u0142odu i wojny \u2013 Wybaw nas, Matko Pocieszenia!&nbsp;<\/h6>\n            <\/li>\n            <li>\n              <h6>Od grzech\u00f3w przeciw \u017cyciu cz\u0142owieka od jego zarania<\/h6>\n            <\/li>\n            <li>\n              <h6>Od nienawi\u015bci i podeptania godno\u015bci dzieci Bo\u017cych<\/h6>\n            <\/li>\n            <li>\n              <h6>Od wszelkich rodzaj\u00f3w niesprawiedliwo\u015bci w \u017cyciu spo\u0142ecznym pa\u0144stwowym i mi\u0119dzynarodowym<\/h6>\n            <\/li>\n            <li>\n              <h6>Od deptania Bo\u017cych przykaza\u0144,<\/h6>\n            <\/li>\n            <li>\n              <h6>Od usi\u0142owa\u0144 zdeptania samej prawdy o Bogu w sercach ludzkich<\/h6>\n            <\/li>\n            <li>\n              <h6>Od przyt\u0119pienia wra\u017cliwo\u015bci sumienia na dobro i z\u0142o<\/h6>\n            <\/li>\n            <li>\n              <h6>Od grzech\u00f3w przeciwko Duchowi \u015awi\u0119temu.<\/h6>\n            <\/li>\n          <\/ul>\n          <h6 align=\"justify\" style=\"line-height: 100%; margin-left: 1.27cm; margin-bottom: 0.42cm;\">\n            <br>\n            <br>\n          <\/h6>\n          <h6>IV. MODLITWA NA ZAKO\u0143CZENIE:<\/h6>\n          <h6>O Pani Sokalska, Matko Pocieszenia, u st\u00f3p Twoich, w Twoim macierzy\u0144skim sercu sk\u0142adamy nasze szczere podzi\u0119kowania, wszystkie gor\u0105ce pro\u015bby, troski i starania. Ufamy mocno Twemu przemo\u017cnemu wstawiennictwu u tronu Boga w Tr\u00f3jcy Jedynego. Racz okaza\u0107 si\u0119 nam Matk\u0105 Pocieszenia, przyjmij nasze dzi\u0119kczynienia i przyb\u0105d\u017a nam z pomoc\u0105 we wszystkich naszych potrzebach duchowych i doczesnych. Prowad\u017a nas do Chrystusa Twego Syna. Kt\u00f3ry \u017cyje i kr\u00f3luje na wieki wiek\u00f3w. Amen.<\/h6>\n          <h6>K: Matko Bo\u017ca Sokalska!&nbsp;<\/h6>\n          <h6>W: M\u00f3dl si\u0119 za nami.<\/h6>\n          <h6>K: Niech nas z Synem swoim b\u0142ogos\u0142awi \uf058 Panna Maryja.<\/h6>\n          <h6>W: Amen.<\/h6>\n          <h6 style=\"line-height: 108%; orphans: 2; widows: 2; margin-bottom: 0.28cm;\">\n            <br>\n            <br>\n          <\/h6>\n          <h6>Akt Zawierzenia Matce Bo\u017cej Sokalskiej<\/h6>\n          <h6>Matko Bo\u017ca, kt\u00f3ra od wiek\u00f3w przez ten Sokalski Wizerunek objawiasz Twoj\u0105 \u0142askawo\u015b\u0107 i wsp\u00f3\u0142czucie dla wszystkich, kt\u00f3rzy uciekaj\u0105 si\u0119 pod Twoj\u0105 opiek\u0119, przyjmij dzi\u015b nasz\u0105 najg\u0142\u0119bsz\u0105 wdzi\u0119czno\u015b\u0107 za Twoj\u0105 niezwyk\u0142\u0105 obecno\u015b\u0107 i macierzy\u0144sk\u0105 trosk\u0119. Ty zawsze by\u0142a\u015b ze swoim ludem w chwilach rado\u015bci i smutku, w chwilach triumfu i tragedii narodowej. Tobie lud Tw\u00f3j zawdzi\u0119cza moc przetrwania czasu niewoli pod zaborami, zawieruchy wojennej i bezdusznego komunizmu. Tobie wielu zawdzi\u0119cza \u0142ask\u0119 wiary, zdrowia i \u017cycia.<\/h6>\n          <h6>Dzisiaj przychodzimy do Ciebie, o Sokalska Matko Pocieszenia, z ufno\u015bci\u0105, \u017ce udzielisz nam pokoju, sprawiedliwo\u015bci i pomy\u015blno\u015bci, gdy\u017c wszystko co mamy i czym jeste\u015bmy, zawierzamy Twojej pieczy.<\/h6>\n          <h6>Tobie, o Matko, wychodz\u0105ca zawsze na spotkanie nam grzesznikom, oddajemy dzi\u015b siebie samych i ca\u0142\u0105 nasz\u0105 mi\u0142o\u015b\u0107. Oddajemy Ci tak\u017ce nasze \u017cycie, nasze prace, nasze rado\u015bci, nasze s\u0142abo\u015bci i cierpienia.<\/h6>\n          <h6>Chcemy ca\u0142kowicie nale\u017ce\u0107 do Ciebie, z Tob\u0105 i\u015b\u0107 drog\u0105 pe\u0142nej wierno\u015bci Chrystusowi w Jego Ko\u015bciele.<\/h6>\n          <h6>Naucz nas nieustannie i\u015b\u0107 do Jezusa, a je\u015bli upadniemy, pom\u00f3\u017c nam pod\u017awign\u0105\u0107 si\u0119 i wr\u00f3ci\u0107 do Niego przez Sakrament Pokuty.<\/h6>\n          <h6>Udziel naszym rodzinom \u0142aski, by szanowa\u0142y i kocha\u0142y ka\u017cde poczynaj\u0105ce si\u0119 \u017cycie t\u0105 sam\u0105 mi\u0142o\u015bci\u0105, z jak\u0105 Ty w swoim \u0142onie pocz\u0119\u0142a\u015b \u017cycie Syna Bo\u017cego.<\/h6>\n          <h6>O Pani Sokalska, Kr\u00f3lowo Rodzin, strze\u017c nasze ogniska rodzinne, by zawsze trwa\u0142y w zgodzie i b\u0142ogos\u0142aw wychowaniu naszych dzieci.<\/h6>\n          <h6>Przygarnij wszystkich do Swego Niepokalanego Serca.<\/h6>\n          <h6>Przyjmij rodzic\u00f3w i starszych. Przyjmij m\u0142odzie\u017c i dzieci!<\/h6>\n          <h6>Przyjmij tak\u017ce chorych i osamotnionych, ludzi pracy fizycznej; na roli i w przemy\u015ble, ludzi pracy umys\u0142owej, w szko\u0142ach, biurach i instytucjach.<\/h6>\n          <h6>Przyjmij wszystkich!<\/h6>\n          <h6>Niech nie przestaje za spraw\u0105 Twej obecno\u015bci, o Matko Sokalska, objawia\u0107 si\u0119 na tej ziemi Mi\u0142o\u015b\u0107, kt\u00f3ra jest pot\u0119\u017cniejsza ni\u017c grzech. Uzdrowienie Chorych, Pocieszycielko Strapionych! B\u0105d\u017a pociech\u0105 cierpi\u0105cym na ciele i duszy, \u015bwiat\u0142em szukaj\u0105cych Chrystusa, Odkupiciela Cz\u0142owieka.<\/h6>\n          <h6>Oka\u017c wszystkim ludziom, \u017ce\u015b jest MATK\u0104 NADZIEI. Spraw, aby na ca\u0142ym \u015bwiecie zapanowa\u0142 trwa\u0142y pok\u00f3j, aby ka\u017cdy widzia\u0142 w drugim cz\u0142owieku brata; aby ludzie \u017cyli tak, jak przysta\u0142o dzieciom Bo\u017cym. Ustrze\u017c nas od zach\u0142anno\u015bci, od zawi\u015bci, od pogoni za egoistycznym interesem.<\/h6>\n          <h6>Spraw, aby\u015bmy zawsze s\u0142yszeli bardzo wyra\u017anie Tw\u00f3j macierzy\u0144ski g\u0142os: \u201eZr\u00f3bcie wszystko, cokolwiek wam powie m\u00f3j Syn\u201d.<\/h6>\n          <h6>Spraw, aby\u015bmy wytrwali z Chrystusem! Nie pozw\u00f3l gin\u0105\u0107 braciom Twojego Syna. Daj moc prawdy naszym sercom.<\/h6>\n          <h6>Wyra\u017caj\u0105c Ci, o Matko, nasz\u0105 najg\u0142\u0119bsz\u0105 wdzi\u0119czno\u015b\u0107 za sze\u015b\u0107 wiek\u00f3w Twojej macierzy\u0144skiej opieki, prosimy Ci\u0119 pokornie: b\u0105d\u017a nam nadal Matk\u0105, chocia\u017c tak ma\u0142o na t\u0119 macierzy\u0144sk\u0105 mi\u0142o\u015b\u0107 zas\u0142ugujemy.<\/h6>\n          <h6>B\u0142ogos\u0142aw temu sanktuarium, b\u0142ogos\u0142aw ludowi, kt\u00f3ry tu si\u0119 modli i \u015bpiewa, b\u0142ogos\u0142aw wszystkim swoim dzieciom \u2013 teraz i na wieki. Amen.<\/h6>\n          <h1 style=\"text-align: center;\">\n            <br>\n          <\/h1>\n          <h6>\n            <br>\n          <\/h6>\n          <h6>\n            <br>\n          <\/h6>\n        <\/div>\n      <\/div>\n    <\/section>\n    \n    \n    \n  \n","protected":false},"excerpt":{"rendered":"<p>Nowenna do Matki Bo\u017cej Sokalskiej I. MODLITWA WST\u0118PNA: Pokorna Pro\u015bba i Polecenie si\u0119 Macierzy\u0144skiej Opiece w Cudownym Obrazie Sokalskim Naj\u015bwi\u0119tszej Maryi Pannie Najczystsza, Niepokalana Panno, najmi\u0142osierniejsza Matko nasza, jedyna ozdobo kraj\u00f3w polskich, a osobliwie Wo\u0142y\u0144skiej, Sokalskiej i Hrubieszowskiej ziemi Dziedziczko. Pociecho wszystkich do Ciebie si\u0119 uciekaj\u0105cych, cudowna w Obrazie Sokalskim Panno Maryjo!&nbsp; Oto dzisiaj z &hellip; <a href=\"https:\/\/hrubieszow.bernardyni.pl\/index.php\/modlitwy\/\" class=\"more-link\">Continue reading<span class=\"screen-reader-text\"> &#8222;Modlitwy&#8221;<\/span><\/a><\/p>\n","protected":false},"author":2,"featured_media":0,"parent":0,"menu_order":0,"comment_status":"closed","ping_status":"closed","template":"","meta":{"footnotes":""},"class_list":["post-3977","page","type-page","status-publish","hentry"],"_links":{"self":[{"href":"https:\/\/hrubieszow.bernardyni.pl\/index.php\/wp-json\/wp\/v2\/pages\/3977","targetHints":{"allow":["GET"]}}],"collection":[{"href":"https:\/\/hrubieszow.bernardyni.pl\/index.php\/wp-json\/wp\/v2\/pages"}],"about":[{"href":"https:\/\/hrubieszow.bernardyni.pl\/index.php\/wp-json\/wp\/v2\/types\/page"}],"author":[{"embeddable":true,"href":"https:\/\/hrubieszow.bernardyni.pl\/index.php\/wp-json\/wp\/v2\/users\/2"}],"replies":[{"embeddable":true,"href":"https:\/\/hrubieszow.bernardyni.pl\/index.php\/wp-json\/wp\/v2\/comments?post=3977"}],"version-history":[{"count":0,"href":"https:\/\/hrubieszow.bernardyni.pl\/index.php\/wp-json\/wp\/v2\/pages\/3977\/revisions"}],"wp:attachment":[{"href":"https:\/\/hrubieszow.bernardyni.pl\/index.php\/wp-json\/wp\/v2\/media?parent=3977"}],"curies":[{"name":"wp","href":"https:\/\/api.w.org\/{rel}","templated":true}]}}