{"id":4363,"date":"2024-11-28T10:38:42","date_gmt":"2024-11-28T09:38:42","guid":{"rendered":"https:\/\/hrubieszow.bernardyni.pl\/?page_id=4363"},"modified":"2025-03-27T17:15:42","modified_gmt":"2025-03-27T16:15:42","slug":"podatek","status":"publish","type":"page","link":"https:\/\/hrubieszow.bernardyni.pl\/index.php\/podatek\/","title":{"rendered":"Podatek"},"content":{"rendered":"\n    \n    <section class=\"u-align-left u-clearfix u-container-align-left u-grey-10 u-section-2\" id=\"sec-2436\">\n      <div class=\"u-clearfix u-sheet u-sheet-1\">\n        <h2 class=\"u-align-center u-text u-text-1\"> Podatek<span style=\"font-weight: 700;\"><\/span>\n        <\/h2>\n        <div class=\"fr-view u-clearfix u-rich-text u-text u-text-2\">\n          <h5 id=\"isPasted\" style=\"text-align: center;\">\n            <span style=\"font-weight: 700;\">Odpisz od podatku!&nbsp;<\/span>\n          <\/h5>\n          <h5 style=\"text-align: justify;\">Czy wiesz, \u017ce zgodnie z polskim prawem podatkowym, mo\u017cesz odpisa\u0107 od podatku darowizny przekazane na cele kultu religijnego? Tutaj znajdziesz dok\u0142adn\u0105 instrukcj\u0119 jak to uczyni\u0107! &nbsp; &nbsp; &nbsp; &nbsp; &nbsp; &nbsp; &nbsp; &nbsp; &nbsp; &nbsp; &nbsp; &nbsp; &nbsp; &nbsp; &nbsp; &nbsp;&nbsp;<\/h5>\n          <h5 style=\"text-align: center;\">\n            <span style=\"font-weight: 700;\">Czym jest kult religijny?<\/span>\n          <\/h5>\n          <h5 style=\"text-align: justify;\">Kult religijny oznacza zewn\u0119trzny aspekt religijny, to og\u00f3\u0142 obrz\u0119d\u00f3w religijnych, ca\u0142okszta\u0142t czynno\u015bci religijnych. Zatem przekazana darowizna ma by\u0107 przeznaczona na realizacj\u0119 wszelkich aspekt\u00f3w \u017cycia religijnego. Przekazuj\u0105c darowizn\u0119 warto jest w dowodzie zap\u0142aty jednoznacznie wskaza\u0107 cel, na jaki ma by\u0107 ona przekazana, by unikn\u0105\u0107 kwestionowania przez urz\u0119dnika jej celowo\u015bci. &nbsp; &nbsp; &nbsp; &nbsp; &nbsp; &nbsp; &nbsp; &nbsp; &nbsp; &nbsp; &nbsp; &nbsp; &nbsp; &nbsp; &nbsp; &nbsp; &nbsp; &nbsp; &nbsp; &nbsp; &nbsp; &nbsp; &nbsp; &nbsp; &nbsp; &nbsp; &nbsp; &nbsp; &nbsp; &nbsp; &nbsp; &nbsp; &nbsp; &nbsp; &nbsp; &nbsp; &nbsp; &nbsp; &nbsp; &nbsp; &nbsp; &nbsp; &nbsp; &nbsp; &nbsp; &nbsp; &nbsp; &nbsp; &nbsp; &nbsp; &nbsp; &nbsp;<\/h5>\n          <h5> Do 6% darowizny na cele kultu religijnego<\/h5>\n          <h5 style=\"text-align: justify;\">Przepisy ustawy o podatku dochodowym nie ograniczaj\u0105 rodzaj\u00f3w podmiot\u00f3w na rzecz kt\u00f3rych mo\u017cna dokona\u0107 darowizny na rzecz kultu religijnego, a kt\u00f3re da si\u0119 p\u00f3\u017aniej odliczy\u0107 od podatku darczy\u0144cy. Wa\u017cny jest cel szeroko poj\u0119tego kultu religijnego.<\/h5>\n          <h5 style=\"text-align: center;\">\n            <span style=\"font-weight: 700;\">&nbsp;Komu mo\u017ce by\u0107 przekazana?<\/span>\n          <\/h5>\n          <h5 style=\"text-align: justify;\">Darowizny na cele kultu religijnego to m.in. darowizny przekazywane: \u2022 ko\u015bcio\u0142om, &nbsp;\u2022 zwi\u0105zkom religijnym i ko\u015bcielnym osobom prawnym (zakony, parafie) na budow\u0119 czy remont, wyposa\u017cenie, czy te\u017c zakup przedmiot\u00f3w liturgicznych. &nbsp;Przekazana darowizna nie musi by\u0107 wy\u0142\u0105cznie pieni\u0119\u017cna, mo\u017ce by\u0107 r\u00f3wnie\u017c \u015bwiadczeniem w naturze, np. paleta cegie\u0142 na budow\u0119 ko\u015bcio\u0142a. &nbsp; &nbsp; &nbsp; &nbsp; &nbsp; &nbsp; &nbsp; &nbsp; &nbsp; &nbsp; &nbsp; &nbsp; &nbsp; &nbsp; &nbsp; &nbsp; &nbsp; &nbsp; &nbsp; &nbsp; &nbsp; &nbsp; &nbsp; &nbsp; &nbsp; &nbsp; &nbsp; &nbsp; &nbsp; &nbsp; &nbsp; &nbsp; &nbsp; &nbsp; &nbsp; &nbsp; &nbsp; &nbsp; &nbsp; &nbsp; &nbsp; &nbsp; &nbsp; &nbsp; &nbsp; &nbsp; &nbsp; &nbsp; &nbsp; &nbsp; &nbsp; &nbsp; &nbsp; &nbsp; &nbsp; &nbsp; &nbsp; &nbsp; &nbsp; &nbsp; &nbsp; &nbsp; &nbsp;&nbsp;<\/h5>\n          <h5 style=\"text-align: center;\">&nbsp; <span style=\"font-weight: 700;\">Limit odliczenia - 6%<\/span> &nbsp; &nbsp; &nbsp; &nbsp;\n          <\/h5>\n          <h5>Odliczenie na cele kultu religijnego podlega \u0142\u0105cznemu limitowi z pozosta\u0142ymi darowiznami do wysoko\u015bci 6% dochodu (przychodu). Odlicze\u0144 dokonuje si\u0119: 1. w trakcie roku podatkowego przy obliczaniu zaliczek na podatek przez podatnik\u00f3w osi\u0105gaj\u0105cych dochody \u2022 z dzia\u0142alno\u015bci gospodarczej, \u2022 z najmu, dzier\u017cawy podlegaj\u0105ce opodatkowaniu przy zastosowaniu skali podatkowej, 2. po zako\u0144czeniu roku podatkowego w zeznaniu podatkowym PIT 36, PIT 37<\/h5>\n        <\/div>\n        <a href=\"https:\/\/misje.bernardyni.pl\/wp-content\/uploads\/2023\/12\/odpis_podatku__wzor.pdf\" class=\"u-align-center u-btn u-btn-round u-button-style u-hover-palette-1-light-1 u-palette-1-base u-radius-50 u-btn-1\">Pobierz Wz\u00f3r - PIT37<br>\n        <\/a>\n      <\/div>\n    <\/section>\n    \n    \n    \n  \n","protected":false},"excerpt":{"rendered":"<p>Podatek Odpisz od podatku!&nbsp; Czy wiesz, \u017ce zgodnie z polskim prawem podatkowym, mo\u017cesz odpisa\u0107 od podatku darowizny przekazane na cele kultu religijnego? Tutaj znajdziesz dok\u0142adn\u0105 instrukcj\u0119 jak to uczyni\u0107! &nbsp; &nbsp; &nbsp; &nbsp; &nbsp; &nbsp; &nbsp; &nbsp; &nbsp; &nbsp; &nbsp; &nbsp; &nbsp; &nbsp; &nbsp; &nbsp;&nbsp; Czym jest kult religijny? Kult religijny oznacza zewn\u0119trzny aspekt religijny, &hellip; <a href=\"https:\/\/hrubieszow.bernardyni.pl\/index.php\/podatek\/\" class=\"more-link\">Continue reading<span class=\"screen-reader-text\"> &#8222;Podatek&#8221;<\/span><\/a><\/p>\n","protected":false},"author":2,"featured_media":0,"parent":0,"menu_order":0,"comment_status":"closed","ping_status":"closed","template":"","meta":{"footnotes":""},"class_list":["post-4363","page","type-page","status-publish","hentry"],"_links":{"self":[{"href":"https:\/\/hrubieszow.bernardyni.pl\/index.php\/wp-json\/wp\/v2\/pages\/4363","targetHints":{"allow":["GET"]}}],"collection":[{"href":"https:\/\/hrubieszow.bernardyni.pl\/index.php\/wp-json\/wp\/v2\/pages"}],"about":[{"href":"https:\/\/hrubieszow.bernardyni.pl\/index.php\/wp-json\/wp\/v2\/types\/page"}],"author":[{"embeddable":true,"href":"https:\/\/hrubieszow.bernardyni.pl\/index.php\/wp-json\/wp\/v2\/users\/2"}],"replies":[{"embeddable":true,"href":"https:\/\/hrubieszow.bernardyni.pl\/index.php\/wp-json\/wp\/v2\/comments?post=4363"}],"version-history":[{"count":0,"href":"https:\/\/hrubieszow.bernardyni.pl\/index.php\/wp-json\/wp\/v2\/pages\/4363\/revisions"}],"wp:attachment":[{"href":"https:\/\/hrubieszow.bernardyni.pl\/index.php\/wp-json\/wp\/v2\/media?parent=4363"}],"curies":[{"name":"wp","href":"https:\/\/api.w.org\/{rel}","templated":true}]}}