{"id":4465,"date":"2025-01-12T20:43:21","date_gmt":"2025-01-12T19:43:21","guid":{"rendered":"https:\/\/hrubieszow.bernardyni.pl\/?page_id=4465"},"modified":"2025-01-24T13:55:15","modified_gmt":"2025-01-24T12:55:15","slug":"filmy","status":"publish","type":"page","link":"https:\/\/hrubieszow.bernardyni.pl\/index.php\/filmy\/","title":{"rendered":"Filmy"},"content":{"rendered":"\n    \n    <section class=\"u-align-center u-clearfix u-grey-10 u-section-2\" id=\"carousel_bd53\">\n      <div class=\"u-clearfix u-sheet u-sheet-1\">\n        <h2 class=\"u-text u-text-default u-text-1\">\n          <a class=\"u-active-none u-border-none u-btn u-button-link u-button-style u-hover-none u-none u-text-black u-btn-1\" href=\"https:\/\/www.youtube.com\/watch?v=kZMhdbu36do\">Koncert Kol\u0119d i Pastora\u0142ek Zesp\u00f3\u0142 Pie\u015bni i Ta\u0144ca Ziemi Hrubieszowskiej Sanktuarium M B S  Hrubiesz\u00f3w<\/a>\n        <\/h2>\n        <div class=\"u-align-left u-expanded-width-sm u-expanded-width-xs u-video u-video-1\">\n          <div class=\"embed-responsive embed-responsive-1\">\n            <iframe style=\"position: absolute;top: 0;left: 0;width: 100%;height: 100%;\" class=\"embed-responsive-item\" src=\"https:\/\/www.youtube.com\/embed\/kZMhdbu36do?mute=0&amp;showinfo=0&amp;controls=0&amp;start=0\" frameborder=\"0\" allowfullscreen=\"\"><\/iframe>\n          <\/div>\n        <\/div>\n      <\/div>\n    <\/section>\n    <section class=\"u-align-center u-clearfix u-grey-10 u-section-3\" id=\"sec-94df\">\n      <div class=\"u-clearfix u-sheet u-sheet-1\">\n        <h2 class=\"u-text u-text-default u-text-1\"> Koncert Kol\u0119d i Pastora\u0142ek w Sanktuarium<br>&nbsp;Matki Bo\u017cej Sokalskiej w Hrubieszowie 29.12.2024r. <br>\n        <\/h2>\n        <div class=\"u-align-left u-expanded-width-sm u-expanded-width-xs u-video u-video-1\">\n          <div class=\"embed-responsive embed-responsive-1\">\n            <iframe style=\"position: absolute;top: 0;left: 0;width: 100%;height: 100%;\" class=\"embed-responsive-item\" src=\"https:\/\/www.youtube.com\/embed\/gPy-4enbgI4?mute=0&amp;showinfo=0&amp;controls=0&amp;start=0\" frameborder=\"0\" allowfullscreen=\"\"><\/iframe>\n          <\/div>\n        <\/div>\n      <\/div>\n    <\/section>\n    \n    \n    \n  \n","protected":false},"excerpt":{"rendered":"<p>Koncert Kol\u0119d i Pastora\u0142ek Zesp\u00f3\u0142 Pie\u015bni i Ta\u0144ca Ziemi Hrubieszowskiej Sanktuarium M B S Hrubiesz\u00f3w Koncert Kol\u0119d i Pastora\u0142ek w Sanktuarium&nbsp;Matki Bo\u017cej Sokalskiej w Hrubieszowie 29.12.2024r.<\/p>\n","protected":false},"author":2,"featured_media":0,"parent":0,"menu_order":0,"comment_status":"closed","ping_status":"closed","template":"","meta":{"footnotes":""},"class_list":["post-4465","page","type-page","status-publish","hentry"],"_links":{"self":[{"href":"https:\/\/hrubieszow.bernardyni.pl\/index.php\/wp-json\/wp\/v2\/pages\/4465","targetHints":{"allow":["GET"]}}],"collection":[{"href":"https:\/\/hrubieszow.bernardyni.pl\/index.php\/wp-json\/wp\/v2\/pages"}],"about":[{"href":"https:\/\/hrubieszow.bernardyni.pl\/index.php\/wp-json\/wp\/v2\/types\/page"}],"author":[{"embeddable":true,"href":"https:\/\/hrubieszow.bernardyni.pl\/index.php\/wp-json\/wp\/v2\/users\/2"}],"replies":[{"embeddable":true,"href":"https:\/\/hrubieszow.bernardyni.pl\/index.php\/wp-json\/wp\/v2\/comments?post=4465"}],"version-history":[{"count":0,"href":"https:\/\/hrubieszow.bernardyni.pl\/index.php\/wp-json\/wp\/v2\/pages\/4465\/revisions"}],"wp:attachment":[{"href":"https:\/\/hrubieszow.bernardyni.pl\/index.php\/wp-json\/wp\/v2\/media?parent=4465"}],"curies":[{"name":"wp","href":"https:\/\/api.w.org\/{rel}","templated":true}]}}