{"id":4562,"date":"2025-03-08T09:57:15","date_gmt":"2025-03-08T08:57:15","guid":{"rendered":"https:\/\/hrubieszow.bernardyni.pl\/?page_id=4562"},"modified":"2025-03-27T17:26:45","modified_gmt":"2025-03-27T16:26:45","slug":"kontakt","status":"publish","type":"page","link":"https:\/\/hrubieszow.bernardyni.pl\/index.php\/kontakt\/","title":{"rendered":"Kontakt"},"content":{"rendered":"\n    \n    <section class=\"u-clearfix u-section-2\" id=\"sec-1a61\">\n      <div class=\"u-clearfix u-sheet u-sheet-1\">\n        <div class=\"data-layout-selected u-clearfix u-expanded-width-md u-expanded-width-sm u-expanded-width-xs u-gutter-0 u-layout-wrap u-layout-wrap-1\">\n          <div class=\"u-layout\">\n            <div class=\"u-layout-row\">\n              <div class=\"u-align-center-sm u-align-center-xs u-align-left-lg u-align-left-md u-align-left-xl u-container-style u-layout-cell u-left-cell u-size-13 u-layout-cell-1\">\n                <div class=\"u-container-layout u-valign-middle-lg u-valign-middle-md u-valign-middle-sm u-valign-middle-xs u-container-layout-1\">\n                  <img decoding=\"async\" class=\"u-image u-image-contain u-image-default u-image-1\" src=\"https:\/\/hrubieszow.bernardyni.pl\/wp-content\/uploads\/2025\/03\/ce8f6acad4b1ce33edcf7785febf3eecb60ac718578c3527e423271b8468e8da5766296ae2e5a9b42b8bd412bf071e35b15edc330695d9c79c33f7_1280.jpg\" alt=\"\" data-image-width=\"1280\" data-image-height=\"854\">\n                <\/div>\n              <\/div>\n              <div class=\"u-align-center-sm u-align-center-xs u-container-style u-layout-cell u-right-cell u-size-47 u-layout-cell-2\">\n                <div class=\"u-container-layout u-container-layout-2\">\n                  <p class=\"u-align-left u-text u-text-1\">\"Aenean pulvinar dui ornare, feugiat lorem non, ultrices justo. Mauris efficitur, mauris in auctor euismod, quam elit ultrices urna, eget eleifend arcu risus id metus. Maecenas ex enim, mattis eu velit vitae, <a href=\"\" class=\"u-btn u-button-style u-none u-text-palette-1-base u-btn-1\">blandit mattis sapien.<\/a> Sed aliquam leo et semper vestibulum.\" \n                  <\/p>\n                  <h6 class=\"u-align-center u-text u-text-2\">\n                    <br>\n                    <span style=\"font-weight: 700; font-size: 1.25rem;\"> Adres: <\/span>\n                    <br>\n                    <br> SANKTUARIUM MATKI BO\u017bEJ SOKALSKIEJ\n          \n          Klasztor i Parafia OO. Bernardyn\u00f3w pw. \u015bw. Stanis\u0142awa Kostki<br>\n                    <br>Plac Staszica 6, 22 \u2013 500 HRUBIESZ\u00d3W<br>\n                    <br>e-mail: <a href=\"mailto:bernardyni.hrubieszow@gmail.com\" class=\"u-active-none u-border-none u-btn u-button-link u-button-style u-hover-none u-none u-text-palette-1-base u-btn-2\">bernardyni.hrubieszow@gmail.com<\/a>\n                    <br>\n                    <br>e-mail na pro\u015bby: <a href=\"mailto:mbsokalska@gmail.com\" class=\"u-active-none u-border-none u-btn u-button-link u-button-style u-hover-none u-none u-text-palette-1-base u-btn-3\">mbsokalska@gmail.com<\/a>\n                    <br>\n                    <br>\n                  <\/h6>\n                <\/div>\n              <\/div>\n            <\/div>\n          <\/div>\n        <\/div>\n      <\/div>\n    <\/section>\n    <section class=\"u-clearfix u-section-3\" id=\"carousel_78d7\">\n      <div class=\"u-clearfix u-sheet u-sheet-1\">\n        <div class=\"data-layout-selected u-clearfix u-expanded-width-md u-expanded-width-sm u-expanded-width-xs u-gutter-0 u-layout-wrap u-layout-wrap-1\">\n          <div class=\"u-layout\">\n            <div class=\"u-layout-row\">\n              <div class=\"u-align-center-sm u-align-center-xs u-align-left-lg u-align-left-md u-align-left-xl u-container-style u-layout-cell u-left-cell u-size-13 u-layout-cell-1\">\n                <div class=\"u-container-layout u-container-layout-1\">\n                  <img decoding=\"async\" class=\"u-image u-image-contain u-image-default u-image-1\" src=\"https:\/\/hrubieszow.bernardyni.pl\/wp-content\/uploads\/2025\/03\/57f390c15202537d1198eb4feac7a6ddf422f6c58de74c0c454d2b0dc3142c5c51d6bcc867fc18d903e7a90020dacb07e9e73f5d17b8df8ec722ee_1280.jpg\" alt=\"\" data-image-width=\"853\" data-image-height=\"1280\">\n                <\/div>\n              <\/div>\n              <div class=\"u-align-center-sm u-align-center-xs u-container-style u-layout-cell u-right-cell u-size-47 u-layout-cell-2\">\n                <div class=\"u-container-layout u-container-layout-2\">\n                  <p class=\"u-align-left u-text u-text-1\">\"Aenean pulvinar dui ornare, feugiat lorem non, ultrices justo. Mauris efficitur, mauris in auctor euismod, quam elit ultrices urna, eget eleifend arcu risus id metus. Maecenas ex enim, mattis eu velit vitae, <a href=\"\" class=\"u-btn u-button-style u-none u-text-palette-1-base u-btn-1\">blandit mattis sapien.<\/a> Sed aliquam leo et semper vestibulum.\" \n                  <\/p>\n                  <h6 class=\"u-align-justify u-text u-text-2\">\n                    <br>\n                    <br>Dzi\u0119kujemy wszystkim osobom, kt\u00f3re regularnie wspieraj\u0105 nasz klasztor i pos\u0142ug\u0119 duszpastersk\u0105.<br>&nbsp; &nbsp; &nbsp; &nbsp; &nbsp; &nbsp; &nbsp;<br>Ofiary na ten cel prosimy wp\u0142aca\u0107 na konto bankowe klasztoru:<br>\n                    <br>Powiatowy Bank Sp\u00f3\u0142dzielczy w Zamo\u015bciu Oddzia\u0142 w Hrubieszowie<br>ul. Ludna 22\/21, 22-500 Hrubiesz\u00f3w<br>\n                    <br>29 9603 0006 2004 3900 3447 0001<br>\n                    <br>tytu\u0142 wp\u0142aty: Darowizna na cele kultu religijnego.<br>&nbsp; &nbsp; &nbsp; &nbsp; &nbsp; &nbsp; &nbsp;<br>SANKTUARIUM MATKI BO\u017bEJ SOKALSKIEJ<br>Klasztor i Parafia OO. Bernardyn\u00f3w p.w. \u015bw. Stanis\u0142awa Kostki<br>Plac Staszica 6, 22 \u2013 500 HRUBIESZ\u00d3W<br>&nbsp; &nbsp; &nbsp; &nbsp; <br>\n                  <\/h6>\n                <\/div>\n              <\/div>\n            <\/div>\n          <\/div>\n        <\/div>\n      <\/div>\n    <\/section>\n    <section class=\"u-clearfix u-grey-5 u-section-4\" id=\"block-1\">\n      <div class=\"u-clearfix u-sheet u-sheet-1\">\n        <div class=\"data-layout-selected u-clearfix u-expanded-width u-layout-wrap u-layout-wrap-1\">\n          <div class=\"u-layout\">\n            <div class=\"u-layout-row\">\n              <div class=\"u-container-align-left u-container-style u-layout-cell u-left-cell u-size-16 u-layout-cell-1\">\n                <div class=\"u-container-layout u-valign-middle u-container-layout-1\">\n                  <h2 class=\"u-align-center u-text u-text-1\">Mapka dojazdu<\/h2>\n                  <p class=\"u-align-left u-text u-text-2\">350 5th Ave, Nowy Jork, NY 10118<\/p>\n                  <p class=\"u-align-left u-text u-text-3\">1 212-736-3100<\/p>\n                  <p class=\"u-align-left u-text u-text-4\">\n                    <a href=\"mailto:contacts@esbnyc.com\">contacts@esbnyc.com<\/a>\n                  <\/p>\n                <\/div>\n              <\/div>\n              <div class=\"u-container-style u-layout-cell u-right-cell u-size-44 u-layout-cell-2\">\n                <div class=\"u-container-layout u-container-layout-2\">\n                  <div class=\"u-expanded u-grey-10 u-map\">\n                    <div class=\"embed-responsive\">\n                      <iframe class=\"embed-responsive-item\" src=\"https:\/\/maps.google.com\/maps?output=embed&amp;q=Sanktuarium%20Matki%20Bo%C5%BCej%20Sokalskiej%20w%20Hrubieszowie%20Plac%20Stanis%C5%82awa%20Staszica%206%2C%2022-500%20Hrubiesz%C3%B3w&amp;t=m\" data-map=\"JTdCJTIyYWRkcmVzcyUyMiUzQSUyMlNhbmt0dWFyaXVtJTIwTWF0a2klMjBCbyVDNSVCQ2VqJTIwU29rYWxza2llaiUyMHclMjBIcnViaWVzem93aWUlMjBQbGFjJTIwU3RhbmlzJUM1JTgyYXdhJTIwU3Rhc3ppY2ElMjA2JTJDJTIwMjItNTAwJTIwSHJ1Ymllc3olQzMlQjN3JTIyJTJDJTIyem9vbSUyMiUzQW51bGwlMkMlMjJ0eXBlSWQlMjIlM0ElMjJyb2FkJTIyJTJDJTIybGFuZyUyMiUzQW51bGwlMkMlMjJhcGlLZXklMjIlM0FudWxsJTJDJTIybWFya2VycyUyMiUzQSU1QiU1RCU3RA==\"><\/iframe>\n                    <\/div>\n                  <\/div>\n                <\/div>\n              <\/div>\n            <\/div>\n          <\/div>\n        <\/div>\n      <\/div>\n    <\/section>\n    \n    \n    \n  \n","protected":false},"excerpt":{"rendered":"<p>&#8222;Aenean pulvinar dui ornare, feugiat lorem non, ultrices justo. Mauris efficitur, mauris in auctor euismod, quam elit ultrices urna, eget eleifend arcu risus id metus. Maecenas ex enim, mattis eu velit vitae, blandit mattis sapien. Sed aliquam leo et semper vestibulum.&#8221; Adres: SANKTUARIUM MATKI BO\u017bEJ SOKALSKIEJ Klasztor i Parafia OO. Bernardyn\u00f3w pw. \u015bw. Stanis\u0142awa Kostki &hellip; <a href=\"https:\/\/hrubieszow.bernardyni.pl\/index.php\/kontakt\/\" class=\"more-link\">Continue reading<span class=\"screen-reader-text\"> &#8222;Kontakt&#8221;<\/span><\/a><\/p>\n","protected":false},"author":2,"featured_media":0,"parent":0,"menu_order":0,"comment_status":"closed","ping_status":"closed","template":"","meta":{"footnotes":""},"class_list":["post-4562","page","type-page","status-publish","hentry"],"_links":{"self":[{"href":"https:\/\/hrubieszow.bernardyni.pl\/index.php\/wp-json\/wp\/v2\/pages\/4562","targetHints":{"allow":["GET"]}}],"collection":[{"href":"https:\/\/hrubieszow.bernardyni.pl\/index.php\/wp-json\/wp\/v2\/pages"}],"about":[{"href":"https:\/\/hrubieszow.bernardyni.pl\/index.php\/wp-json\/wp\/v2\/types\/page"}],"author":[{"embeddable":true,"href":"https:\/\/hrubieszow.bernardyni.pl\/index.php\/wp-json\/wp\/v2\/users\/2"}],"replies":[{"embeddable":true,"href":"https:\/\/hrubieszow.bernardyni.pl\/index.php\/wp-json\/wp\/v2\/comments?post=4562"}],"version-history":[{"count":0,"href":"https:\/\/hrubieszow.bernardyni.pl\/index.php\/wp-json\/wp\/v2\/pages\/4562\/revisions"}],"wp:attachment":[{"href":"https:\/\/hrubieszow.bernardyni.pl\/index.php\/wp-json\/wp\/v2\/media?parent=4562"}],"curies":[{"name":"wp","href":"https:\/\/api.w.org\/{rel}","templated":true}]}}